{"id":1296,"date":"2024-03-01T09:03:48","date_gmt":"2024-03-01T08:03:48","guid":{"rendered":"https:\/\/hederaerasmus.com\/transparencia\/"},"modified":"2024-04-15T09:59:59","modified_gmt":"2024-04-15T08:59:59","slug":"transparenta","status":"publish","type":"page","link":"https:\/\/hederaerasmus.com\/ro\/transparenta\/","title":{"rendered":"Transparen\u021b\u0103"},"content":{"rendered":"<div class=\"wpb-content-wrapper\"><p>[vc_section][vc_row][vc_column][vc_row_inner equal_height=&#8221;yes&#8221;][vc_column_inner el_class=&#8221;col-izq&#8221; width=&#8221;1\/6&#8243;][vc_single_image image=&#8221;618&#8243; img_size=&#8221;full&#8221; alignment=&#8221;center&#8221; css_animation=&#8221;fadeInLeft&#8221;][\/vc_column_inner][vc_column_inner width=&#8221;2\/3&#8243;][vc_column_text el_class=&#8221;titulo-1&#8243;]<\/p>\n<p style=\"text-align: center\">Transparen\u021b\u0103<\/p>\n<p>[\/vc_column_text][vc_column_text el_class=&#8221;laterales-25&#8243;]Pagina de transparen\u021b\u0103 a Hedera, un proiect Erasmus+, are scopul de a oferi o viziune clar\u0103 \u0219i detaliat\u0103 despre gestionarea sa, progrese \u0219i obiective atinse. Este remarcabil\u0103 prin includerea unor ghiduri practice despre sustenabilitatea mediului \u0219i accesibilitate. Aceste documente reflect\u0103 dedica\u021bia ini\u021biativei de a promova practici responsabile, asigur\u00e2nd c\u0103 activit\u0103\u021bile \u0219i rezultatele sale nu sunt doar transparente, dar \u0219i aliniate cu principiile europene.[\/vc_column_text][vc_empty_space][\/vc_column_inner][vc_column_inner el_class=&#8221;col-der&#8221; width=&#8221;1\/6&#8243;][vc_single_image image=&#8221;634&#8243; img_size=&#8221;full&#8221; alignment=&#8221;center&#8221; css_animation=&#8221;fadeInRight&#8221;][\/vc_column_inner][\/vc_row_inner][vc_empty_space][vc_row_inner][vc_column_inner width=&#8221;1\/6&#8243;][\/vc_column_inner][vc_column_inner width=&#8221;1\/3&#8243;][vc_single_image image=&#8221;1527&#8243; img_size=&#8221;medium&#8221; onclick=&#8221;custom_link&#8221; img_link_target=&#8221;_blank&#8221; link=&#8221;https:\/\/hederaerasmus.com\/wp-content\/uploads\/2024\/04\/Carta-Practicas-Verdes-Hedera-RO.docx.pdf&#8221;]<div class=\"aio-icon-component    style_1\"><a class=\"aio-icon-box-link\" href=\"https:\/\/hederaerasmus.com\/wp-content\/uploads\/2024\/04\/Carta-Practicas-Verdes-Hedera-RO.docx.pdf\" target=\"_blank\" rel=\"noopener\" ><div id=\"Info-box-wrap-3069\" class=\"aio-icon-box default-icon\" style=\"\"  ><div class=\"aio-icon-default\"><div class=\"ult-just-icon-wrapper  \"><div class=\"align-icon\" style=\"text-align:center;\">\n<div class=\"aio-icon none \"  style=\"color:#58762d;font-size:20px;display:inline-block;\">\n\t<i class=\"Defaults-download\"><\/i>\n<\/div><\/div><\/div><\/div><div class=\"aio-icon-header\" ><h6 class=\"aio-icon-title ult-responsive\"  data-ultimate-target='#Info-box-wrap-3069 .aio-icon-title'  data-responsive-json-new='{\"font-size\":\"\",\"line-height\":\"\"}'  style=\"\">Carta practicilor verzi<\/h6><\/div> <!-- header --><div class=\"aio-icon-description ult-responsive\"  data-ultimate-target='#Info-box-wrap-3069 .aio-icon-description'  data-responsive-json-new='{\"font-size\":\"\",\"line-height\":\"\"}'  style=\"\"><em>(pdf 211 kB)<\/em><\/div> <!-- description --><\/div> <!-- aio-icon-box --><\/a><\/div> <!-- aio-icon-component -->[\/vc_column_inner][vc_column_inner width=&#8221;1\/3&#8243;][vc_single_image image=&#8221;1552&#8243; img_size=&#8221;medium&#8221; onclick=&#8221;custom_link&#8221; img_link_target=&#8221;_blank&#8221; link=&#8221;https:\/\/hederaerasmus.com\/wp-content\/uploads\/2024\/04\/Guia-Accesibilidad-Proyecto-Hedera-RO.docx.pdf&#8221;]<div class=\"aio-icon-component    style_1\"><a class=\"aio-icon-box-link\" href=\"https:\/\/hederaerasmus.com\/wp-content\/uploads\/2024\/04\/Guia-Accesibilidad-Proyecto-Hedera-RO.docx.pdf\" target=\"_blank\" rel=\"noopener\" ><div id=\"Info-box-wrap-2488\" class=\"aio-icon-box default-icon\" style=\"\"  ><div class=\"aio-icon-default\"><div class=\"ult-just-icon-wrapper  \"><div class=\"align-icon\" style=\"text-align:center;\">\n<div class=\"aio-icon none \"  style=\"color:#58762d;font-size:20px;display:inline-block;\">\n\t<i class=\"Defaults-download\"><\/i>\n<\/div><\/div><\/div><\/div><div class=\"aio-icon-header\" ><h6 class=\"aio-icon-title ult-responsive\"  data-ultimate-target='#Info-box-wrap-2488 .aio-icon-title'  data-responsive-json-new='{\"font-size\":\"\",\"line-height\":\"\"}'  style=\"\">Ghid de accesibilitate<\/h6><\/div> <!-- header --><div class=\"aio-icon-description ult-responsive\"  data-ultimate-target='#Info-box-wrap-2488 .aio-icon-description'  data-responsive-json-new='{\"font-size\":\"\",\"line-height\":\"\"}'  style=\"\"><em>(pdf 271 kB)<\/em><\/div> <!-- description --><\/div> <!-- aio-icon-box --><\/a><\/div> <!-- aio-icon-component -->[\/vc_column_inner][vc_column_inner width=&#8221;1\/6&#8243;][\/vc_column_inner][\/vc_row_inner][vc_empty_space height=&#8221;100px&#8221;][\/vc_column][\/vc_row][\/vc_section]<\/p>\n<\/div>","protected":false},"excerpt":{"rendered":"<p>[vc_section][vc_row][vc_column][vc_row_inner equal_height=&#8221;yes&#8221;][vc_column_inner el_class=&#8221;col-izq&#8221; width=&#8221;1\/6&#8243;][vc_single_image image=&#8221;618&#8243; img_size=&#8221;full&#8221; alignment=&#8221;center&#8221; css_animation=&#8221;fadeInLeft&#8221;][\/vc_column_inner][vc_column_inner width=&#8221;2\/3&#8243;][vc_column_text el_class=&#8221;titulo-1&#8243;] Transparen\u021b\u0103 [\/vc_column_text][vc_column_text el_class=&#8221;laterales-25&#8243;]Pagina de transparen\u021b\u0103 a Hedera, un proiect Erasmus+, are scopul de a oferi o viziune clar\u0103 \u0219i detaliat\u0103 &#8230; <a title=\"Transparen\u021b\u0103\" class=\"read-more\" href=\"https:\/\/hederaerasmus.com\/ro\/transparenta\/\" aria-label=\"Cite\u0219te mai multe despre Transparen\u021b\u0103\">+<\/a><\/p>\n","protected":false},"author":3,"featured_media":0,"parent":0,"menu_order":0,"comment_status":"closed","ping_status":"closed","template":"","meta":{"_acf_changed":false,"footnotes":""},"class_list":["post-1296","page","type-page","status-publish"],"acf":[],"yoast_head":"<!-- This site is optimized with the Yoast SEO plugin v27.4 - https:\/\/yoast.com\/product\/yoast-seo-wordpress\/ -->\n<title>Transparen\u021b\u0103 - Hedera<\/title>\n<meta name=\"description\" content=\"Somos un equipo de cinco entidades dedicadas a la creaci\u00f3n de un innovador modelo de terapia familiar a domicilio.\" \/>\n<meta name=\"robots\" content=\"index, follow, max-snippet:-1, max-image-preview:large, max-video-preview:-1\" \/>\n<link rel=\"canonical\" href=\"https:\/\/hederaerasmus.com\/ro\/transparenta\/\" \/>\n<meta property=\"og:locale\" content=\"ro_RO\" \/>\n<meta property=\"og:type\" content=\"article\" \/>\n<meta property=\"og:title\" content=\"Transparen\u021b\u0103 - Hedera\" \/>\n<meta property=\"og:description\" content=\"Somos un equipo de cinco entidades dedicadas a la creaci\u00f3n de un innovador modelo de terapia familiar a domicilio.\" \/>\n<meta property=\"og:url\" content=\"https:\/\/hederaerasmus.com\/ro\/transparenta\/\" \/>\n<meta property=\"og:site_name\" content=\"Hedera\" \/>\n<meta property=\"article:publisher\" content=\"https:\/\/www.facebook.com\/profile.php?id=61554260382997\" \/>\n<meta property=\"article:modified_time\" content=\"2024-04-15T08:59:59+00:00\" \/>\n<meta name=\"twitter:card\" content=\"summary_large_image\" \/>\n<meta name=\"twitter:label1\" content=\"Timp estimat pentru citire\" \/>\n\t<meta name=\"twitter:data1\" content=\"2 minute\" \/>\n<script type=\"application\/ld+json\" class=\"yoast-schema-graph\">{\"@context\":\"https:\\\/\\\/schema.org\",\"@graph\":[{\"@type\":\"WebPage\",\"@id\":\"https:\\\/\\\/hederaerasmus.com\\\/ro\\\/transparenta\\\/\",\"url\":\"https:\\\/\\\/hederaerasmus.com\\\/ro\\\/transparenta\\\/\",\"name\":\"Transparen\u021b\u0103 - Hedera\",\"isPartOf\":{\"@id\":\"https:\\\/\\\/hederaerasmus.com\\\/ro\\\/#website\"},\"datePublished\":\"2024-03-01T08:03:48+00:00\",\"dateModified\":\"2024-04-15T08:59:59+00:00\",\"description\":\"Somos un equipo de cinco entidades dedicadas a la creaci\u00f3n de un innovador modelo de terapia familiar a domicilio.\",\"breadcrumb\":{\"@id\":\"https:\\\/\\\/hederaerasmus.com\\\/ro\\\/transparenta\\\/#breadcrumb\"},\"inLanguage\":\"ro-RO\",\"potentialAction\":[{\"@type\":\"ReadAction\",\"target\":[\"https:\\\/\\\/hederaerasmus.com\\\/ro\\\/transparenta\\\/\"]}]},{\"@type\":\"BreadcrumbList\",\"@id\":\"https:\\\/\\\/hederaerasmus.com\\\/ro\\\/transparenta\\\/#breadcrumb\",\"itemListElement\":[{\"@type\":\"ListItem\",\"position\":1,\"name\":\"Portada\",\"item\":\"https:\\\/\\\/hederaerasmus.com\\\/ro\\\/\"},{\"@type\":\"ListItem\",\"position\":2,\"name\":\"Transparen\u021b\u0103\"}]},{\"@type\":\"WebSite\",\"@id\":\"https:\\\/\\\/hederaerasmus.com\\\/ro\\\/#website\",\"url\":\"https:\\\/\\\/hederaerasmus.com\\\/ro\\\/\",\"name\":\"Hedera\",\"description\":\"\",\"publisher\":{\"@id\":\"https:\\\/\\\/hederaerasmus.com\\\/ro\\\/#organization\"},\"potentialAction\":[{\"@type\":\"SearchAction\",\"target\":{\"@type\":\"EntryPoint\",\"urlTemplate\":\"https:\\\/\\\/hederaerasmus.com\\\/ro\\\/?s={search_term_string}\"},\"query-input\":{\"@type\":\"PropertyValueSpecification\",\"valueRequired\":true,\"valueName\":\"search_term_string\"}}],\"inLanguage\":\"ro-RO\"},{\"@type\":\"Organization\",\"@id\":\"https:\\\/\\\/hederaerasmus.com\\\/ro\\\/#organization\",\"name\":\"Hedera\",\"url\":\"https:\\\/\\\/hederaerasmus.com\\\/ro\\\/\",\"logo\":{\"@type\":\"ImageObject\",\"inLanguage\":\"ro-RO\",\"@id\":\"https:\\\/\\\/hederaerasmus.com\\\/ro\\\/#\\\/schema\\\/logo\\\/image\\\/\",\"url\":\"https:\\\/\\\/hederaerasmus.com\\\/wp-content\\\/uploads\\\/2023\\\/06\\\/Logo.png\",\"contentUrl\":\"https:\\\/\\\/hederaerasmus.com\\\/wp-content\\\/uploads\\\/2023\\\/06\\\/Logo.png\",\"width\":2649,\"height\":2137,\"caption\":\"Hedera\"},\"image\":{\"@id\":\"https:\\\/\\\/hederaerasmus.com\\\/ro\\\/#\\\/schema\\\/logo\\\/image\\\/\"},\"sameAs\":[\"https:\\\/\\\/www.facebook.com\\\/profile.php?id=61554260382997\",\"https:\\\/\\\/www.instagram.com\\\/hedera.erasmus\"]}]}<\/script>\n<!-- \/ Yoast SEO plugin. -->","yoast_head_json":{"title":"Transparen\u021b\u0103 - Hedera","description":"Somos un equipo de cinco entidades dedicadas a la creaci\u00f3n de un innovador modelo de terapia familiar a domicilio.","robots":{"index":"index","follow":"follow","max-snippet":"max-snippet:-1","max-image-preview":"max-image-preview:large","max-video-preview":"max-video-preview:-1"},"canonical":"https:\/\/hederaerasmus.com\/ro\/transparenta\/","og_locale":"ro_RO","og_type":"article","og_title":"Transparen\u021b\u0103 - Hedera","og_description":"Somos un equipo de cinco entidades dedicadas a la creaci\u00f3n de un innovador modelo de terapia familiar a domicilio.","og_url":"https:\/\/hederaerasmus.com\/ro\/transparenta\/","og_site_name":"Hedera","article_publisher":"https:\/\/www.facebook.com\/profile.php?id=61554260382997","article_modified_time":"2024-04-15T08:59:59+00:00","twitter_card":"summary_large_image","twitter_misc":{"Timp estimat pentru citire":"2 minute"},"schema":{"@context":"https:\/\/schema.org","@graph":[{"@type":"WebPage","@id":"https:\/\/hederaerasmus.com\/ro\/transparenta\/","url":"https:\/\/hederaerasmus.com\/ro\/transparenta\/","name":"Transparen\u021b\u0103 - Hedera","isPartOf":{"@id":"https:\/\/hederaerasmus.com\/ro\/#website"},"datePublished":"2024-03-01T08:03:48+00:00","dateModified":"2024-04-15T08:59:59+00:00","description":"Somos un equipo de cinco entidades dedicadas a la creaci\u00f3n de un innovador modelo de terapia familiar a domicilio.","breadcrumb":{"@id":"https:\/\/hederaerasmus.com\/ro\/transparenta\/#breadcrumb"},"inLanguage":"ro-RO","potentialAction":[{"@type":"ReadAction","target":["https:\/\/hederaerasmus.com\/ro\/transparenta\/"]}]},{"@type":"BreadcrumbList","@id":"https:\/\/hederaerasmus.com\/ro\/transparenta\/#breadcrumb","itemListElement":[{"@type":"ListItem","position":1,"name":"Portada","item":"https:\/\/hederaerasmus.com\/ro\/"},{"@type":"ListItem","position":2,"name":"Transparen\u021b\u0103"}]},{"@type":"WebSite","@id":"https:\/\/hederaerasmus.com\/ro\/#website","url":"https:\/\/hederaerasmus.com\/ro\/","name":"Hedera","description":"","publisher":{"@id":"https:\/\/hederaerasmus.com\/ro\/#organization"},"potentialAction":[{"@type":"SearchAction","target":{"@type":"EntryPoint","urlTemplate":"https:\/\/hederaerasmus.com\/ro\/?s={search_term_string}"},"query-input":{"@type":"PropertyValueSpecification","valueRequired":true,"valueName":"search_term_string"}}],"inLanguage":"ro-RO"},{"@type":"Organization","@id":"https:\/\/hederaerasmus.com\/ro\/#organization","name":"Hedera","url":"https:\/\/hederaerasmus.com\/ro\/","logo":{"@type":"ImageObject","inLanguage":"ro-RO","@id":"https:\/\/hederaerasmus.com\/ro\/#\/schema\/logo\/image\/","url":"https:\/\/hederaerasmus.com\/wp-content\/uploads\/2023\/06\/Logo.png","contentUrl":"https:\/\/hederaerasmus.com\/wp-content\/uploads\/2023\/06\/Logo.png","width":2649,"height":2137,"caption":"Hedera"},"image":{"@id":"https:\/\/hederaerasmus.com\/ro\/#\/schema\/logo\/image\/"},"sameAs":["https:\/\/www.facebook.com\/profile.php?id=61554260382997","https:\/\/www.instagram.com\/hedera.erasmus"]}]}},"_links":{"self":[{"href":"https:\/\/hederaerasmus.com\/ro\/wp-json\/wp\/v2\/pages\/1296","targetHints":{"allow":["GET"]}}],"collection":[{"href":"https:\/\/hederaerasmus.com\/ro\/wp-json\/wp\/v2\/pages"}],"about":[{"href":"https:\/\/hederaerasmus.com\/ro\/wp-json\/wp\/v2\/types\/page"}],"author":[{"embeddable":true,"href":"https:\/\/hederaerasmus.com\/ro\/wp-json\/wp\/v2\/users\/3"}],"replies":[{"embeddable":true,"href":"https:\/\/hederaerasmus.com\/ro\/wp-json\/wp\/v2\/comments?post=1296"}],"version-history":[{"count":9,"href":"https:\/\/hederaerasmus.com\/ro\/wp-json\/wp\/v2\/pages\/1296\/revisions"}],"predecessor-version":[{"id":1561,"href":"https:\/\/hederaerasmus.com\/ro\/wp-json\/wp\/v2\/pages\/1296\/revisions\/1561"}],"wp:attachment":[{"href":"https:\/\/hederaerasmus.com\/ro\/wp-json\/wp\/v2\/media?parent=1296"}],"curies":[{"name":"wp","href":"https:\/\/api.w.org\/{rel}","templated":true}]}}