{"id":1054,"date":"2023-06-12T14:17:31","date_gmt":"2023-06-12T13:17:31","guid":{"rendered":"https:\/\/hederaerasmus.com\/aviso-legal\/"},"modified":"2024-03-05T16:31:37","modified_gmt":"2024-03-05T15:31:37","slug":"avertisment-legal","status":"publish","type":"page","link":"https:\/\/hederaerasmus.com\/ro\/avertisment-legal\/","title":{"rendered":"Avertisment Legal"},"content":{"rendered":"<div class=\"wpb-content-wrapper\"><p>[vc_row][vc_column][vc_column_text]<\/p>\n<h1>Avertisment Legal<\/h1>\n<h5><span style=\"color: var(--accent);\"><strong>Date de identificare<\/strong><\/span><\/h5>\n<p>EDUVIC SCCL este o companie \u00eenregistrat\u0103 \u00een Registrul Cooperativelor cu num\u0103rul 6633. Sediul s\u0103u este \u00een C \/ Castelao, 124 Local, Hospitalet de Llobregat (08902), \u0219i CIF: F60709896.<\/p>\n<p>Email EDUVIC: eduvic@eduvic.coop<\/p>\n<p>Email \u0218coala Itinere: escolaitinere@eduvic.coop<\/p>\n<h5><span style=\"color: var(--accent);\"><strong>Valabilitatea informa\u021biilor<\/strong><\/span><\/h5>\n<p>Accesul la portalul EDUVIC \u0219i, de asemenea, informa\u021biile referitoare la oricare dintre produsele \u0219i serviciile con\u021binute \u00een acesta implic\u0103 acceptarea condi\u021biilor prev\u0103zute \u00een prezentul anun\u021b legal. De asemenea, informa\u021biile con\u021binute \u00een aceste pagini sunt actuale la momentul ultimei actualiz\u0103ri efectuate. Cu toate acestea, informa\u021biile referitoare la produsele \u0219i serviciile oferite pe acest site web sunt exclusiv orientative \u0219i nu au nicio leg\u0103tur\u0103 obligatorie.<\/p>\n<h5><span style=\"color: var(--accent);\"><strong>Proprietate intelectual\u0103 sau industrial\u0103<\/strong><\/span><\/h5>\n<p>Con\u021binutul acestui site web este protejat de Legea Propriet\u0103\u021bii Industriale sau Intelectuale. Prin urmare, con\u021binuturile, codurile surs\u0103, forma, designul, paginile, m\u0103rcile, numele comerciale, logourile, precum \u0219i denumirea produselor, aplica\u021biilor \u0219i instrumentelor sunt proprietatea EDUVIC \u0219i distribu\u021bia, modificarea, transmiterea, copierea sau oricare alt\u0103 utilizare a acestora trebuie autorizat\u0103 \u00een mod expres de c\u0103tre EDUVIC. Trebuie men\u021bionat c\u0103 \u00eenc\u0103lcarea normelor de protec\u021bie a propriet\u0103\u021bii industriale sau intelectuale implic\u0103, \u00een anumite cazuri, pe l\u00e2ng\u0103 posibilele responsabilit\u0103\u021bi economice, cerin\u021ba de a suporta consecin\u021be penale.<\/p>\n<h5><span style=\"color: var(--accent);\"><strong>Responsabilit\u0103\u021bi<\/strong><\/span><\/h5>\n<p>Informa\u021biile con\u021binute \u00een aceste pagini web sunt actuale la data ultimei actualiz\u0103ri \u0219i nu reprezint\u0103 nicio obliga\u021bie contractual\u0103 pentru EDUVIC, ci sunt prezentate \u00een scop informativ \u0219i nu constituie o ofert\u0103 de cump\u0103rare sau v\u00e2nzare a niciunui tip de produs sau serviciu. Data actualiz\u0103rii oric\u0103rei informa\u021bii poate fi confirmat\u0103 prin formularul care apare la &#8222;clic&#8221; pe pagina principal\u0103 a site-ului web.<\/p>\n<p>EDUVIC respinge orice responsabilitate care ar putea rezulta din utilizarea incorect\u0103 a con\u021binutului paginilor sale web \u0219i \u00ee\u0219i rezerv\u0103 dreptul de a le actualiza, \u0219terge, limita sau bloca accesul, temporar sau definitiv, f\u0103r\u0103 a fi nevoie de o notificare prealabil\u0103. De asemenea, nu \u00ee\u0219i asum\u0103 responsabilitatea pentru orice informa\u021bii care nu au fost elaborate direct de c\u0103tre companie \u0219i respinge, \u00een mod special, orice responsabilitate cu privire la informa\u021biile con\u021binute \u00een paginile web la care se poate accesa prin intermediul link-urilor.<\/p>\n<p>De asemenea, EDUVIC nu \u00ee\u0219i asum\u0103 responsabilitatea pentru eventualele erori de securitate care pot ap\u0103rea ca urmare a utiliz\u0103rii computerelor infectate cu viru\u0219i informatici, nici pentru consecin\u021bele generate de func\u021bionarea defectuoas\u0103 a browser-ului sau de utilizarea versiunilor neactualizate.<\/p>\n<p>EDUVIC: Toate drepturile rezervate.[\/vc_column_text][\/vc_column][\/vc_row]<\/p>\n<\/div>","protected":false},"excerpt":{"rendered":"<p>[vc_row][vc_column][vc_column_text] Avertisment Legal Date de identificare EDUVIC SCCL este o companie \u00eenregistrat\u0103 \u00een Registrul Cooperativelor cu num\u0103rul 6633. Sediul s\u0103u este \u00een C \/ Castelao, 124 Local, Hospitalet de Llobregat &#8230; <a title=\"Avertisment Legal\" class=\"read-more\" href=\"https:\/\/hederaerasmus.com\/ro\/avertisment-legal\/\" aria-label=\"Cite\u0219te mai multe despre Avertisment Legal\">+<\/a><\/p>\n","protected":false},"author":4,"featured_media":0,"parent":0,"menu_order":0,"comment_status":"closed","ping_status":"closed","template":"","meta":{"_acf_changed":false,"footnotes":""},"class_list":["post-1054","page","type-page","status-publish"],"acf":[],"yoast_head":"<!-- This site is optimized with the Yoast SEO plugin v27.1.1 - https:\/\/yoast.com\/product\/yoast-seo-wordpress\/ -->\n<title>Avertisment Legal - Hedera<\/title>\n<meta name=\"robots\" content=\"noindex, nofollow\" \/>\n<meta property=\"og:locale\" content=\"ro_RO\" \/>\n<meta property=\"og:type\" content=\"article\" \/>\n<meta property=\"og:title\" content=\"Avertisment Legal - Hedera\" \/>\n<meta property=\"og:description\" content=\"[vc_row][vc_column][vc_column_text] Avertisment Legal Date de identificare EDUVIC SCCL este o companie \u00eenregistrat\u0103 \u00een Registrul Cooperativelor cu num\u0103rul 6633. Sediul s\u0103u este \u00een C \/ Castelao, 124 Local, Hospitalet de Llobregat ... +\" \/>\n<meta property=\"og:url\" content=\"https:\/\/hederaerasmus.com\/ro\/avertisment-legal\/\" \/>\n<meta property=\"og:site_name\" content=\"Hedera\" \/>\n<meta property=\"article:publisher\" content=\"https:\/\/www.facebook.com\/profile.php?id=61554260382997\" \/>\n<meta property=\"article:modified_time\" content=\"2024-03-05T15:31:37+00:00\" \/>\n<meta name=\"twitter:card\" content=\"summary_large_image\" \/>\n<meta name=\"twitter:label1\" content=\"Timp estimat pentru citire\" \/>\n\t<meta name=\"twitter:data1\" content=\"2 minute\" \/>\n<script type=\"application\/ld+json\" class=\"yoast-schema-graph\">{\"@context\":\"https:\/\/schema.org\",\"@graph\":[{\"@type\":\"WebPage\",\"@id\":\"https:\/\/hederaerasmus.com\/ro\/avertisment-legal\/\",\"url\":\"https:\/\/hederaerasmus.com\/ro\/avertisment-legal\/\",\"name\":\"Avertisment Legal - Hedera\",\"isPartOf\":{\"@id\":\"https:\/\/hederaerasmus.com\/ro\/#website\"},\"datePublished\":\"2023-06-12T13:17:31+00:00\",\"dateModified\":\"2024-03-05T15:31:37+00:00\",\"breadcrumb\":{\"@id\":\"https:\/\/hederaerasmus.com\/ro\/avertisment-legal\/#breadcrumb\"},\"inLanguage\":\"ro-RO\",\"potentialAction\":[{\"@type\":\"ReadAction\",\"target\":[\"https:\/\/hederaerasmus.com\/ro\/avertisment-legal\/\"]}]},{\"@type\":\"BreadcrumbList\",\"@id\":\"https:\/\/hederaerasmus.com\/ro\/avertisment-legal\/#breadcrumb\",\"itemListElement\":[{\"@type\":\"ListItem\",\"position\":1,\"name\":\"Portada\",\"item\":\"https:\/\/hederaerasmus.com\/ro\/\"},{\"@type\":\"ListItem\",\"position\":2,\"name\":\"Avertisment Legal\"}]},{\"@type\":\"WebSite\",\"@id\":\"https:\/\/hederaerasmus.com\/ro\/#website\",\"url\":\"https:\/\/hederaerasmus.com\/ro\/\",\"name\":\"Hedera\",\"description\":\"\",\"publisher\":{\"@id\":\"https:\/\/hederaerasmus.com\/ro\/#organization\"},\"potentialAction\":[{\"@type\":\"SearchAction\",\"target\":{\"@type\":\"EntryPoint\",\"urlTemplate\":\"https:\/\/hederaerasmus.com\/ro\/?s={search_term_string}\"},\"query-input\":{\"@type\":\"PropertyValueSpecification\",\"valueRequired\":true,\"valueName\":\"search_term_string\"}}],\"inLanguage\":\"ro-RO\"},{\"@type\":\"Organization\",\"@id\":\"https:\/\/hederaerasmus.com\/ro\/#organization\",\"name\":\"Hedera\",\"url\":\"https:\/\/hederaerasmus.com\/ro\/\",\"logo\":{\"@type\":\"ImageObject\",\"inLanguage\":\"ro-RO\",\"@id\":\"https:\/\/hederaerasmus.com\/ro\/#\/schema\/logo\/image\/\",\"url\":\"https:\/\/hederaerasmus.com\/wp-content\/uploads\/2023\/06\/Logo.png\",\"contentUrl\":\"https:\/\/hederaerasmus.com\/wp-content\/uploads\/2023\/06\/Logo.png\",\"width\":2649,\"height\":2137,\"caption\":\"Hedera\"},\"image\":{\"@id\":\"https:\/\/hederaerasmus.com\/ro\/#\/schema\/logo\/image\/\"},\"sameAs\":[\"https:\/\/www.facebook.com\/profile.php?id=61554260382997\",\"https:\/\/www.instagram.com\/hedera.erasmus\"]}]}<\/script>\n<!-- \/ Yoast SEO plugin. -->","yoast_head_json":{"title":"Avertisment Legal - Hedera","robots":{"index":"noindex","follow":"nofollow"},"og_locale":"ro_RO","og_type":"article","og_title":"Avertisment Legal - Hedera","og_description":"[vc_row][vc_column][vc_column_text] Avertisment Legal Date de identificare EDUVIC SCCL este o companie \u00eenregistrat\u0103 \u00een Registrul Cooperativelor cu num\u0103rul 6633. Sediul s\u0103u este \u00een C \/ Castelao, 124 Local, Hospitalet de Llobregat ... +","og_url":"https:\/\/hederaerasmus.com\/ro\/avertisment-legal\/","og_site_name":"Hedera","article_publisher":"https:\/\/www.facebook.com\/profile.php?id=61554260382997","article_modified_time":"2024-03-05T15:31:37+00:00","twitter_card":"summary_large_image","twitter_misc":{"Timp estimat pentru citire":"2 minute"},"schema":{"@context":"https:\/\/schema.org","@graph":[{"@type":"WebPage","@id":"https:\/\/hederaerasmus.com\/ro\/avertisment-legal\/","url":"https:\/\/hederaerasmus.com\/ro\/avertisment-legal\/","name":"Avertisment Legal - Hedera","isPartOf":{"@id":"https:\/\/hederaerasmus.com\/ro\/#website"},"datePublished":"2023-06-12T13:17:31+00:00","dateModified":"2024-03-05T15:31:37+00:00","breadcrumb":{"@id":"https:\/\/hederaerasmus.com\/ro\/avertisment-legal\/#breadcrumb"},"inLanguage":"ro-RO","potentialAction":[{"@type":"ReadAction","target":["https:\/\/hederaerasmus.com\/ro\/avertisment-legal\/"]}]},{"@type":"BreadcrumbList","@id":"https:\/\/hederaerasmus.com\/ro\/avertisment-legal\/#breadcrumb","itemListElement":[{"@type":"ListItem","position":1,"name":"Portada","item":"https:\/\/hederaerasmus.com\/ro\/"},{"@type":"ListItem","position":2,"name":"Avertisment Legal"}]},{"@type":"WebSite","@id":"https:\/\/hederaerasmus.com\/ro\/#website","url":"https:\/\/hederaerasmus.com\/ro\/","name":"Hedera","description":"","publisher":{"@id":"https:\/\/hederaerasmus.com\/ro\/#organization"},"potentialAction":[{"@type":"SearchAction","target":{"@type":"EntryPoint","urlTemplate":"https:\/\/hederaerasmus.com\/ro\/?s={search_term_string}"},"query-input":{"@type":"PropertyValueSpecification","valueRequired":true,"valueName":"search_term_string"}}],"inLanguage":"ro-RO"},{"@type":"Organization","@id":"https:\/\/hederaerasmus.com\/ro\/#organization","name":"Hedera","url":"https:\/\/hederaerasmus.com\/ro\/","logo":{"@type":"ImageObject","inLanguage":"ro-RO","@id":"https:\/\/hederaerasmus.com\/ro\/#\/schema\/logo\/image\/","url":"https:\/\/hederaerasmus.com\/wp-content\/uploads\/2023\/06\/Logo.png","contentUrl":"https:\/\/hederaerasmus.com\/wp-content\/uploads\/2023\/06\/Logo.png","width":2649,"height":2137,"caption":"Hedera"},"image":{"@id":"https:\/\/hederaerasmus.com\/ro\/#\/schema\/logo\/image\/"},"sameAs":["https:\/\/www.facebook.com\/profile.php?id=61554260382997","https:\/\/www.instagram.com\/hedera.erasmus"]}]}},"_links":{"self":[{"href":"https:\/\/hederaerasmus.com\/ro\/wp-json\/wp\/v2\/pages\/1054","targetHints":{"allow":["GET"]}}],"collection":[{"href":"https:\/\/hederaerasmus.com\/ro\/wp-json\/wp\/v2\/pages"}],"about":[{"href":"https:\/\/hederaerasmus.com\/ro\/wp-json\/wp\/v2\/types\/page"}],"author":[{"embeddable":true,"href":"https:\/\/hederaerasmus.com\/ro\/wp-json\/wp\/v2\/users\/4"}],"replies":[{"embeddable":true,"href":"https:\/\/hederaerasmus.com\/ro\/wp-json\/wp\/v2\/comments?post=1054"}],"version-history":[{"count":2,"href":"https:\/\/hederaerasmus.com\/ro\/wp-json\/wp\/v2\/pages\/1054\/revisions"}],"predecessor-version":[{"id":1067,"href":"https:\/\/hederaerasmus.com\/ro\/wp-json\/wp\/v2\/pages\/1054\/revisions\/1067"}],"wp:attachment":[{"href":"https:\/\/hederaerasmus.com\/ro\/wp-json\/wp\/v2\/media?parent=1054"}],"curies":[{"name":"wp","href":"https:\/\/api.w.org\/{rel}","templated":true}]}}