{"id":5130,"date":"2023-06-12T14:17:51","date_gmt":"2023-06-12T13:17:51","guid":{"rendered":"https:\/\/hederaerasmus.com\/?page_id=5130"},"modified":"2025-03-24T15:57:26","modified_gmt":"2025-03-24T14:57:26","slug":"politica-sulla-privacy","status":"publish","type":"page","link":"https:\/\/hederaerasmus.com\/it\/politica-sulla-privacy\/","title":{"rendered":"Politica sulla Privacy"},"content":{"rendered":"<p class=\"\" data-start=\"126\" data-end=\"542\">Si informa gli utenti del sito web, in conformit\u00e0 con la normativa vigente in materia di protezione dei dati personali e con la Legge sui Servizi della Societ\u00e0 dell\u2019Informazione e del Commercio Elettronico, circa la politica sulla privacy e la protezione dei dati personali, affinch\u00e9 possano decidere in modo esplicito, libero e volontario se desiderano fornire a EDUVIC SCCL i dati personali richiesti sul sito web.<\/p>\n<p class=\"\" data-start=\"544\" data-end=\"994\">In EDUVIC abbiamo adottato i livelli di sicurezza richiesti dalla normativa vigente in materia di protezione dei dati personali, installando le misure tecniche e organizzative necessarie per evitare la perdita, l\u2019uso improprio, l\u2019alterazione, l\u2019accesso non autorizzato e altri rischi possibili. Allo stesso modo, EDUVIC si impegna a rispettare l\u2019obbligo di riservatezza riguardo ai dati personali trattati, come stabilito dalla normativa applicabile.<\/p>\n<p class=\"\" data-start=\"996\" data-end=\"1130\">I dati forniti dall\u2019interessato a EDUVIC SCCL tramite i diversi moduli cartacei o online devono essere veritieri, esatti e aggiornati.<\/p>\n<p class=\"\" data-start=\"1132\" data-end=\"1340\">Per rispettare la normativa vigente in materia di protezione dei dati personali, mettiamo a disposizione delle persone che ci contattano tramite il sito web o che ricevono newsletter le seguenti informazioni:<\/p>\n<p class=\"\" data-start=\"1342\" data-end=\"1398\"><strong data-start=\"1342\" data-end=\"1398\">Chi \u00e8 il responsabile del trattamento dei tuoi dati?<\/strong><\/p>\n<p class=\"\" data-start=\"1400\" data-end=\"1673\">Ragione sociale: EDUVIC SCCL<br data-start=\"1428\" data-end=\"1431\" \/>Nome commerciale: EDUVIC e ESCOLA ITINERE<br data-start=\"1472\" data-end=\"1475\" \/>NIF: F60709896<br data-start=\"1489\" data-end=\"1492\" \/>Indirizzo: C\/ Castelao, 124 Local, L\u2019Hospitalet de Llobregat (08902)<br data-start=\"1560\" data-end=\"1563\" \/>Telefono: +34 933 320 012<br data-start=\"1588\" data-end=\"1591\" \/>Email EDUVIC: <a rel=\"noopener\" data-start=\"1605\" data-end=\"1623\">eduvic@eduvic.coop<\/a><br data-start=\"1623\" data-end=\"1626\" \/>Email Escola Itinere: <a rel=\"noopener\" data-start=\"1648\" data-end=\"1673\">escolaitinere@eduvic.coop<\/a><\/p>\n<p class=\"\" data-start=\"1675\" data-end=\"1730\"><strong data-start=\"1675\" data-end=\"1730\">Per quale finalit\u00e0 trattiamo i tuoi dati personali?<\/strong><\/p>\n<p class=\"\" data-start=\"1732\" data-end=\"1855\">In EDUVIC SCCL trattiamo i tuoi dati di contatto per le seguenti finalit\u00e0, in base al motivo per cui ci sono stati forniti:<\/p>\n<ul data-start=\"1857\" data-end=\"2161\">\n<li class=\"\" data-start=\"1857\" data-end=\"2049\">\n<p class=\"\" data-start=\"1859\" data-end=\"2049\">Gestire i dati forniti direttamente dall\u2019interessato, per informare tramite newsletter sui nostri servizi e attivit\u00e0, incluse \u2013 ove applicabile \u2013 le attivit\u00e0 collegate alla Escola Itinere.<\/p>\n<\/li>\n<li class=\"\" data-start=\"2050\" data-end=\"2161\">\n<p class=\"\" data-start=\"2052\" data-end=\"2161\">Rispondere a richieste, domande o consultazioni da parte dell\u2019interessato e realizzare il relativo follow-up.<\/p>\n<\/li>\n<\/ul>\n<p class=\"\" data-start=\"2163\" data-end=\"2209\"><strong data-start=\"2163\" data-end=\"2209\">Per quanto tempo conserveremo i tuoi dati?<\/strong><\/p>\n<ul data-start=\"2211\" data-end=\"2545\">\n<li class=\"\" data-start=\"2211\" data-end=\"2381\">\n<p class=\"\" data-start=\"2213\" data-end=\"2381\">I dati per l\u2019invio delle newsletter saranno conservati indefinitamente, finch\u00e9 non ci comunicherai la volont\u00e0 di cancellarli (opzione disponibile in ogni newsletter).<\/p>\n<\/li>\n<li class=\"\" data-start=\"2382\" data-end=\"2545\">\n<p class=\"\" data-start=\"2384\" data-end=\"2545\">I dati associati a una richiesta saranno conservati fino al completamento della stessa. Una volta conclusa, i dati saranno conservati per un massimo di due anni.<\/p>\n<\/li>\n<\/ul>\n<p class=\"\" data-start=\"2547\" data-end=\"2609\"><strong data-start=\"2547\" data-end=\"2609\">Qual \u00e8 la base giuridica per il trattamento dei tuoi dati?<\/strong><\/p>\n<ul data-start=\"2611\" data-end=\"3139\">\n<li class=\"\" data-start=\"2611\" data-end=\"2793\">\n<p class=\"\" data-start=\"2613\" data-end=\"2793\">La base giuridica per l\u2019invio delle newsletter ai nostri gruppi di interesse si fonda sul legittimo interesse aziendale di offrire informazioni sull\u2019attivit\u00e0 dell\u2019organizzazione.<\/p>\n<\/li>\n<li class=\"\" data-start=\"2794\" data-end=\"3024\">\n<p class=\"\" data-start=\"2796\" data-end=\"3024\">Per i nuovi contatti, dal maggio 2018, la base \u00e8 il consenso esplicito richiesto, che pu\u00f2 essere revocato in qualsiasi momento. La revoca non pregiudicher\u00e0 la liceit\u00e0 del trattamento basato sul consenso prima della sua revoca.<\/p>\n<\/li>\n<li class=\"\" data-start=\"3025\" data-end=\"3139\">\n<p class=\"\" data-start=\"3027\" data-end=\"3139\">La base per rispondere alle richieste \u00e8 l\u2019interesse legittimo di fornire supporto ai nostri gruppi di interesse.<\/p>\n<\/li>\n<\/ul>\n<p class=\"\" data-start=\"3141\" data-end=\"3183\"><strong data-start=\"3141\" data-end=\"3183\">A chi verranno comunicati i tuoi dati?<\/strong><\/p>\n<p class=\"\" data-start=\"3185\" data-end=\"3223\">I dati non saranno comunicati a terzi.<\/p>\n<p class=\"\" data-start=\"3225\" data-end=\"3275\"><strong data-start=\"3225\" data-end=\"3275\">I tuoi dati saranno trasferiti in paesi terzi?<\/strong><\/p>\n<p class=\"\" data-start=\"3277\" data-end=\"3563\">I dati per l\u2019invio delle newsletter sono gestiti tramite MailChimp. MailChimp ha ottenuto l&#8217;autocertificazione secondo lo EU-U.S. Privacy Shield e lo Swiss-U.S. Privacy Shield, e trasferisce legalmente i dati personali dall\u2019UE\/SEE agli Stati Uniti in conformit\u00e0 con tale certificazione.<\/p>\n<p class=\"\" data-start=\"3565\" data-end=\"3662\">Non si effettuano altri trasferimenti di dati verso paesi terzi per quanto riguarda le richieste.<\/p>\n<p class=\"\" data-start=\"3664\" data-end=\"3725\"><strong data-start=\"3664\" data-end=\"3725\">Quali sono i tuoi diritti quando ci fornisci i tuoi dati?<\/strong><\/p>\n<p class=\"\" data-start=\"3727\" data-end=\"4321\">Chiunque ha il diritto di ottenere conferma se EDUVIC SCCL stia trattando dati personali che lo riguardano.<br data-start=\"3834\" data-end=\"3837\" \/>Le persone interessate hanno diritto ad accedere ai propri dati personali, a richiedere la rettifica di quelli inesatti o, se del caso, la loro cancellazione quando, tra le altre ragioni, i dati non sono pi\u00f9 necessari rispetto alle finalit\u00e0 per le quali sono stati raccolti.<br data-start=\"4111\" data-end=\"4114\" \/>In determinate circostanze, gli interessati possono chiedere la limitazione del trattamento o la portabilit\u00e0 dei propri dati, in tal caso saranno conservati solo per esercitare o difendere eventuali reclami.<\/p>\n<p class=\"\" data-start=\"4323\" data-end=\"4390\"><strong data-start=\"4323\" data-end=\"4390\">Puoi esercitare concretamente i tuoi diritti nei seguenti modi:<\/strong><\/p>\n<p class=\"\" data-start=\"4392\" data-end=\"4568\">\u2013 Inviando un\u2019email con copia del tuo documento d\u2019identit\u00e0 a: <a rel=\"noopener\" data-start=\"4454\" data-end=\"4472\">eduvic@eduvic.coop<\/a><br data-start=\"4472\" data-end=\"4475\" \/>\u2013 All\u2019indirizzo email indicato ti forniremo i moduli necessari per esercitare i tuoi diritti.<\/p>\n<p class=\"\" data-start=\"4570\" data-end=\"4777\">Se hai dato il tuo consenso per una finalit\u00e0 specifica, hai il diritto di revocarlo in qualsiasi momento, senza che ci\u00f2 pregiudichi la liceit\u00e0 del trattamento basato sul consenso prestato prima della revoca.<\/p>\n<p class=\"\" data-start=\"4779\" data-end=\"5079\">Se ritieni che i tuoi diritti in materia di protezione dei dati personali siano stati violati, in particolare se non hai ottenuto soddisfazione nell\u2019esercizio dei tuoi diritti, puoi presentare un reclamo all\u2019autorit\u00e0 di controllo competente tramite il suo sito web: <a href=\"http:\/\/www.agpd.es\" target=\"_new\" rel=\"noopener\" data-start=\"5045\" data-end=\"5078\">www.agpd.es<\/a>.<\/p>\n<p class=\"\" data-start=\"5081\" data-end=\"5119\"><strong data-start=\"5081\" data-end=\"5119\">Come abbiamo ottenuto i tuoi dati?<\/strong><\/p>\n<p class=\"\" data-start=\"5121\" data-end=\"5655\">I dati personali trattati da EDUVIC SCCL provengono dagli interessati stessi o dai loro rappresentanti legali, tramite il sito web o moduli cartacei.<br data-start=\"5270\" data-end=\"5273\" \/>Ti ricordiamo di non fornire dati di terzi senza aver ottenuto il loro consenso e averli previamente informati.<br data-start=\"5384\" data-end=\"5387\" \/>Non trattiamo categorie particolari di dati personali (dati che rivelano l\u2019origine etnica o razziale, opinioni politiche, convinzioni religiose o filosofiche, appartenenza sindacale, dati genetici, biometrici, sanitari, relativi alla vita o all\u2019orientamento sessuale).<\/p>\n<p class=\"\" data-start=\"5657\" data-end=\"5696\"><strong data-start=\"5657\" data-end=\"5696\">EDUVIC \u2013 Tutti i diritti riservati.<\/strong><\/p>\n","protected":false},"excerpt":{"rendered":"<p>Si informa gli utenti del sito web, in conformit\u00e0 con la normativa vigente in materia di protezione dei dati personali e con la Legge sui Servizi della Societ\u00e0 dell\u2019Informazione e &#8230; <a title=\"Politica sulla Privacy\" class=\"read-more\" href=\"https:\/\/hederaerasmus.com\/it\/politica-sulla-privacy\/\" aria-label=\"Per saperne di pi\u00f9 su Politica sulla Privacy\">+<\/a><\/p>\n","protected":false},"author":7,"featured_media":0,"parent":0,"menu_order":0,"comment_status":"closed","ping_status":"closed","template":"","meta":{"_acf_changed":false,"footnotes":""},"class_list":["post-5130","page","type-page","status-publish"],"acf":[],"yoast_head":"<!-- This site is optimized with the Yoast SEO plugin v27.4 - https:\/\/yoast.com\/product\/yoast-seo-wordpress\/ -->\n<title>Politica sulla Privacy - Hedera<\/title>\n<meta name=\"robots\" content=\"noindex, nofollow\" \/>\n<meta property=\"og:locale\" content=\"it_IT\" \/>\n<meta property=\"og:type\" content=\"article\" \/>\n<meta property=\"og:title\" content=\"Politica sulla Privacy - Hedera\" \/>\n<meta property=\"og:description\" content=\"Si informa gli utenti del sito web, in conformit\u00e0 con la normativa vigente in materia di protezione dei dati personali e con la Legge sui Servizi della Societ\u00e0 dell\u2019Informazione e ... +\" \/>\n<meta property=\"og:url\" content=\"https:\/\/hederaerasmus.com\/it\/politica-sulla-privacy\/\" \/>\n<meta property=\"og:site_name\" content=\"Hedera\" \/>\n<meta property=\"article:publisher\" content=\"https:\/\/www.facebook.com\/profile.php?id=61554260382997\" \/>\n<meta property=\"article:modified_time\" content=\"2025-03-24T14:57:26+00:00\" \/>\n<meta name=\"twitter:card\" content=\"summary_large_image\" \/>\n<meta name=\"twitter:label1\" content=\"Tempo di lettura stimato\" \/>\n\t<meta name=\"twitter:data1\" content=\"4 minuti\" \/>\n<script type=\"application\/ld+json\" class=\"yoast-schema-graph\">{\"@context\":\"https:\\\/\\\/schema.org\",\"@graph\":[{\"@type\":\"WebPage\",\"@id\":\"https:\\\/\\\/hederaerasmus.com\\\/it\\\/politica-sulla-privacy\\\/\",\"url\":\"https:\\\/\\\/hederaerasmus.com\\\/it\\\/politica-sulla-privacy\\\/\",\"name\":\"Politica sulla Privacy - Hedera\",\"isPartOf\":{\"@id\":\"https:\\\/\\\/hederaerasmus.com\\\/it\\\/#website\"},\"datePublished\":\"2023-06-12T13:17:51+00:00\",\"dateModified\":\"2025-03-24T14:57:26+00:00\",\"breadcrumb\":{\"@id\":\"https:\\\/\\\/hederaerasmus.com\\\/it\\\/politica-sulla-privacy\\\/#breadcrumb\"},\"inLanguage\":\"it-IT\",\"potentialAction\":[{\"@type\":\"ReadAction\",\"target\":[\"https:\\\/\\\/hederaerasmus.com\\\/it\\\/politica-sulla-privacy\\\/\"]}]},{\"@type\":\"BreadcrumbList\",\"@id\":\"https:\\\/\\\/hederaerasmus.com\\\/it\\\/politica-sulla-privacy\\\/#breadcrumb\",\"itemListElement\":[{\"@type\":\"ListItem\",\"position\":1,\"name\":\"Portada\",\"item\":\"https:\\\/\\\/hederaerasmus.com\\\/it\\\/\"},{\"@type\":\"ListItem\",\"position\":2,\"name\":\"Politica sulla Privacy\"}]},{\"@type\":\"WebSite\",\"@id\":\"https:\\\/\\\/hederaerasmus.com\\\/it\\\/#website\",\"url\":\"https:\\\/\\\/hederaerasmus.com\\\/it\\\/\",\"name\":\"Hedera\",\"description\":\"\",\"publisher\":{\"@id\":\"https:\\\/\\\/hederaerasmus.com\\\/it\\\/#organization\"},\"potentialAction\":[{\"@type\":\"SearchAction\",\"target\":{\"@type\":\"EntryPoint\",\"urlTemplate\":\"https:\\\/\\\/hederaerasmus.com\\\/it\\\/?s={search_term_string}\"},\"query-input\":{\"@type\":\"PropertyValueSpecification\",\"valueRequired\":true,\"valueName\":\"search_term_string\"}}],\"inLanguage\":\"it-IT\"},{\"@type\":\"Organization\",\"@id\":\"https:\\\/\\\/hederaerasmus.com\\\/it\\\/#organization\",\"name\":\"Hedera\",\"url\":\"https:\\\/\\\/hederaerasmus.com\\\/it\\\/\",\"logo\":{\"@type\":\"ImageObject\",\"inLanguage\":\"it-IT\",\"@id\":\"https:\\\/\\\/hederaerasmus.com\\\/it\\\/#\\\/schema\\\/logo\\\/image\\\/\",\"url\":\"https:\\\/\\\/hederaerasmus.com\\\/wp-content\\\/uploads\\\/2023\\\/06\\\/Logo.png\",\"contentUrl\":\"https:\\\/\\\/hederaerasmus.com\\\/wp-content\\\/uploads\\\/2023\\\/06\\\/Logo.png\",\"width\":2649,\"height\":2137,\"caption\":\"Hedera\"},\"image\":{\"@id\":\"https:\\\/\\\/hederaerasmus.com\\\/it\\\/#\\\/schema\\\/logo\\\/image\\\/\"},\"sameAs\":[\"https:\\\/\\\/www.facebook.com\\\/profile.php?id=61554260382997\",\"https:\\\/\\\/www.instagram.com\\\/hedera.erasmus\"]}]}<\/script>\n<!-- \/ Yoast SEO plugin. -->","yoast_head_json":{"title":"Politica sulla Privacy - Hedera","robots":{"index":"noindex","follow":"nofollow"},"og_locale":"it_IT","og_type":"article","og_title":"Politica sulla Privacy - Hedera","og_description":"Si informa gli utenti del sito web, in conformit\u00e0 con la normativa vigente in materia di protezione dei dati personali e con la Legge sui Servizi della Societ\u00e0 dell\u2019Informazione e ... +","og_url":"https:\/\/hederaerasmus.com\/it\/politica-sulla-privacy\/","og_site_name":"Hedera","article_publisher":"https:\/\/www.facebook.com\/profile.php?id=61554260382997","article_modified_time":"2025-03-24T14:57:26+00:00","twitter_card":"summary_large_image","twitter_misc":{"Tempo di lettura stimato":"4 minuti"},"schema":{"@context":"https:\/\/schema.org","@graph":[{"@type":"WebPage","@id":"https:\/\/hederaerasmus.com\/it\/politica-sulla-privacy\/","url":"https:\/\/hederaerasmus.com\/it\/politica-sulla-privacy\/","name":"Politica sulla Privacy - Hedera","isPartOf":{"@id":"https:\/\/hederaerasmus.com\/it\/#website"},"datePublished":"2023-06-12T13:17:51+00:00","dateModified":"2025-03-24T14:57:26+00:00","breadcrumb":{"@id":"https:\/\/hederaerasmus.com\/it\/politica-sulla-privacy\/#breadcrumb"},"inLanguage":"it-IT","potentialAction":[{"@type":"ReadAction","target":["https:\/\/hederaerasmus.com\/it\/politica-sulla-privacy\/"]}]},{"@type":"BreadcrumbList","@id":"https:\/\/hederaerasmus.com\/it\/politica-sulla-privacy\/#breadcrumb","itemListElement":[{"@type":"ListItem","position":1,"name":"Portada","item":"https:\/\/hederaerasmus.com\/it\/"},{"@type":"ListItem","position":2,"name":"Politica sulla Privacy"}]},{"@type":"WebSite","@id":"https:\/\/hederaerasmus.com\/it\/#website","url":"https:\/\/hederaerasmus.com\/it\/","name":"Hedera","description":"","publisher":{"@id":"https:\/\/hederaerasmus.com\/it\/#organization"},"potentialAction":[{"@type":"SearchAction","target":{"@type":"EntryPoint","urlTemplate":"https:\/\/hederaerasmus.com\/it\/?s={search_term_string}"},"query-input":{"@type":"PropertyValueSpecification","valueRequired":true,"valueName":"search_term_string"}}],"inLanguage":"it-IT"},{"@type":"Organization","@id":"https:\/\/hederaerasmus.com\/it\/#organization","name":"Hedera","url":"https:\/\/hederaerasmus.com\/it\/","logo":{"@type":"ImageObject","inLanguage":"it-IT","@id":"https:\/\/hederaerasmus.com\/it\/#\/schema\/logo\/image\/","url":"https:\/\/hederaerasmus.com\/wp-content\/uploads\/2023\/06\/Logo.png","contentUrl":"https:\/\/hederaerasmus.com\/wp-content\/uploads\/2023\/06\/Logo.png","width":2649,"height":2137,"caption":"Hedera"},"image":{"@id":"https:\/\/hederaerasmus.com\/it\/#\/schema\/logo\/image\/"},"sameAs":["https:\/\/www.facebook.com\/profile.php?id=61554260382997","https:\/\/www.instagram.com\/hedera.erasmus"]}]}},"_links":{"self":[{"href":"https:\/\/hederaerasmus.com\/it\/wp-json\/wp\/v2\/pages\/5130","targetHints":{"allow":["GET"]}}],"collection":[{"href":"https:\/\/hederaerasmus.com\/it\/wp-json\/wp\/v2\/pages"}],"about":[{"href":"https:\/\/hederaerasmus.com\/it\/wp-json\/wp\/v2\/types\/page"}],"author":[{"embeddable":true,"href":"https:\/\/hederaerasmus.com\/it\/wp-json\/wp\/v2\/users\/7"}],"replies":[{"embeddable":true,"href":"https:\/\/hederaerasmus.com\/it\/wp-json\/wp\/v2\/comments?post=5130"}],"version-history":[{"count":1,"href":"https:\/\/hederaerasmus.com\/it\/wp-json\/wp\/v2\/pages\/5130\/revisions"}],"predecessor-version":[{"id":5131,"href":"https:\/\/hederaerasmus.com\/it\/wp-json\/wp\/v2\/pages\/5130\/revisions\/5131"}],"wp:attachment":[{"href":"https:\/\/hederaerasmus.com\/it\/wp-json\/wp\/v2\/media?parent=5130"}],"curies":[{"name":"wp","href":"https:\/\/api.w.org\/{rel}","templated":true}]}}