{"id":14544,"date":"2026-02-26T10:42:18","date_gmt":"2026-02-26T09:42:18","guid":{"rendered":"https:\/\/hederaerasmus.com\/gracias-contacto\/"},"modified":"2026-02-27T13:52:50","modified_gmt":"2026-02-27T12:52:50","slug":"merci-contact","status":"publish","type":"page","link":"https:\/\/hederaerasmus.com\/fr\/merci-contact\/","title":{"rendered":"Merci &#8211; contact"},"content":{"rendered":"<div class=\"wpb-content-wrapper\"><p>[vc_row][vc_column][vc_empty_space height=\u00a0\u00bb100px\u00a0\u00bb][vc_column_text css=\u00a0\u00bb\u00a0\u00bb]<\/p>\n<h2 style=\"text-align: center; color: #58762d;\"><i class=\"fa-solid fa-circle-check\"><\/i><span style=\"color: #58762d;\"> Formulaire envoy\u00e9 avec succ\u00e8s<\/span><\/h2>\n<p>[\/vc_column_text][vc_column_text css=\u00a0\u00bb\u00a0\u00bb]<\/p>\n<h4 style=\"text-align: center;\"><span style=\"color: #222222;\">Nous avons bien re\u00e7u votre demande et nous vous r\u00e9pondrons tr\u00e8s prochainement.<\/span><\/h4>\n<p>[\/vc_column_text][vc_empty_space height=\u00a0\u00bb100px\u00a0\u00bb][vc_empty_space height=\u00a0\u00bb100px\u00a0\u00bb el_class=\u00a0\u00bbvc_hidden-sm vc_hidden-xs\u00a0\u00bb][\/vc_column][\/vc_row]<\/p>\n<\/div>","protected":false},"excerpt":{"rendered":"<p>[vc_row][vc_column][vc_empty_space height=\u00a0\u00bb100px\u00a0\u00bb][vc_column_text css=\u00a0\u00bb\u00a0\u00bb] Formulaire envoy\u00e9 avec succ\u00e8s [\/vc_column_text][vc_column_text css=\u00a0\u00bb\u00a0\u00bb] Nous avons bien re\u00e7u votre demande et nous vous r\u00e9pondrons tr\u00e8s prochainement. [\/vc_column_text][vc_empty_space height=\u00a0\u00bb100px\u00a0\u00bb][vc_empty_space height=\u00a0\u00bb100px\u00a0\u00bb el_class=\u00a0\u00bbvc_hidden-sm vc_hidden-xs\u00a0\u00bb][\/vc_column][\/vc_row]<\/p>\n","protected":false},"author":4,"featured_media":0,"parent":0,"menu_order":0,"comment_status":"closed","ping_status":"closed","template":"","meta":{"_acf_changed":false,"footnotes":""},"class_list":["post-14544","page","type-page","status-publish"],"acf":[],"yoast_head":"<!-- This site is optimized with the Yoast SEO plugin v27.1.1 - https:\/\/yoast.com\/product\/yoast-seo-wordpress\/ -->\n<title>Merci - contact - Hedera<\/title>\n<meta name=\"robots\" content=\"index, follow, max-snippet:-1, max-image-preview:large, max-video-preview:-1\" \/>\n<link rel=\"canonical\" href=\"https:\/\/hederaerasmus.com\/fr\/merci-contact\/\" \/>\n<meta property=\"og:locale\" content=\"fr_FR\" \/>\n<meta property=\"og:type\" content=\"article\" \/>\n<meta property=\"og:title\" content=\"Merci - contact - Hedera\" \/>\n<meta property=\"og:description\" content=\"[vc_row][vc_column][vc_empty_space height=\u00a0\u00bb100px\u00a0\u00bb][vc_column_text css=\u00a0\u00bb\u00a0\u00bb] Formulaire envoy\u00e9 avec succ\u00e8s [\/vc_column_text][vc_column_text css=\u00a0\u00bb\u00a0\u00bb] Nous avons bien re\u00e7u votre demande et nous vous r\u00e9pondrons tr\u00e8s prochainement. [\/vc_column_text][vc_empty_space height=\u00a0\u00bb100px\u00a0\u00bb][vc_empty_space height=\u00a0\u00bb100px\u00a0\u00bb el_class=\u00a0\u00bbvc_hidden-sm vc_hidden-xs\u00a0\u00bb][\/vc_column][\/vc_row]\" \/>\n<meta property=\"og:url\" content=\"https:\/\/hederaerasmus.com\/fr\/merci-contact\/\" \/>\n<meta property=\"og:site_name\" content=\"Hedera\" \/>\n<meta property=\"article:publisher\" content=\"https:\/\/www.facebook.com\/profile.php?id=61554260382997\" \/>\n<meta property=\"article:modified_time\" content=\"2026-02-27T12:52:50+00:00\" \/>\n<meta name=\"twitter:card\" content=\"summary_large_image\" \/>\n<meta name=\"twitter:label1\" content=\"Dur\u00e9e de lecture estim\u00e9e\" \/>\n\t<meta name=\"twitter:data1\" content=\"1 minute\" \/>\n<script type=\"application\/ld+json\" class=\"yoast-schema-graph\">{\"@context\":\"https:\/\/schema.org\",\"@graph\":[{\"@type\":\"WebPage\",\"@id\":\"https:\/\/hederaerasmus.com\/fr\/merci-contact\/\",\"url\":\"https:\/\/hederaerasmus.com\/fr\/merci-contact\/\",\"name\":\"Merci - contact - Hedera\",\"isPartOf\":{\"@id\":\"https:\/\/hederaerasmus.com\/fr\/#website\"},\"datePublished\":\"2026-02-26T09:42:18+00:00\",\"dateModified\":\"2026-02-27T12:52:50+00:00\",\"breadcrumb\":{\"@id\":\"https:\/\/hederaerasmus.com\/fr\/merci-contact\/#breadcrumb\"},\"inLanguage\":\"fr-FR\",\"potentialAction\":[{\"@type\":\"ReadAction\",\"target\":[\"https:\/\/hederaerasmus.com\/fr\/merci-contact\/\"]}]},{\"@type\":\"BreadcrumbList\",\"@id\":\"https:\/\/hederaerasmus.com\/fr\/merci-contact\/#breadcrumb\",\"itemListElement\":[{\"@type\":\"ListItem\",\"position\":1,\"name\":\"Portada\",\"item\":\"https:\/\/hederaerasmus.com\/fr\/\"},{\"@type\":\"ListItem\",\"position\":2,\"name\":\"Merci &#8211; contact\"}]},{\"@type\":\"WebSite\",\"@id\":\"https:\/\/hederaerasmus.com\/fr\/#website\",\"url\":\"https:\/\/hederaerasmus.com\/fr\/\",\"name\":\"Hedera\",\"description\":\"\",\"publisher\":{\"@id\":\"https:\/\/hederaerasmus.com\/fr\/#organization\"},\"potentialAction\":[{\"@type\":\"SearchAction\",\"target\":{\"@type\":\"EntryPoint\",\"urlTemplate\":\"https:\/\/hederaerasmus.com\/fr\/?s={search_term_string}\"},\"query-input\":{\"@type\":\"PropertyValueSpecification\",\"valueRequired\":true,\"valueName\":\"search_term_string\"}}],\"inLanguage\":\"fr-FR\"},{\"@type\":\"Organization\",\"@id\":\"https:\/\/hederaerasmus.com\/fr\/#organization\",\"name\":\"Hedera\",\"url\":\"https:\/\/hederaerasmus.com\/fr\/\",\"logo\":{\"@type\":\"ImageObject\",\"inLanguage\":\"fr-FR\",\"@id\":\"https:\/\/hederaerasmus.com\/fr\/#\/schema\/logo\/image\/\",\"url\":\"https:\/\/hederaerasmus.com\/wp-content\/uploads\/2023\/06\/Logo.png\",\"contentUrl\":\"https:\/\/hederaerasmus.com\/wp-content\/uploads\/2023\/06\/Logo.png\",\"width\":2649,\"height\":2137,\"caption\":\"Hedera\"},\"image\":{\"@id\":\"https:\/\/hederaerasmus.com\/fr\/#\/schema\/logo\/image\/\"},\"sameAs\":[\"https:\/\/www.facebook.com\/profile.php?id=61554260382997\",\"https:\/\/www.instagram.com\/hedera.erasmus\"]}]}<\/script>\n<!-- \/ Yoast SEO plugin. -->","yoast_head_json":{"title":"Merci - contact - Hedera","robots":{"index":"index","follow":"follow","max-snippet":"max-snippet:-1","max-image-preview":"max-image-preview:large","max-video-preview":"max-video-preview:-1"},"canonical":"https:\/\/hederaerasmus.com\/fr\/merci-contact\/","og_locale":"fr_FR","og_type":"article","og_title":"Merci - contact - Hedera","og_description":"[vc_row][vc_column][vc_empty_space height=\u00a0\u00bb100px\u00a0\u00bb][vc_column_text css=\u00a0\u00bb\u00a0\u00bb] Formulaire envoy\u00e9 avec succ\u00e8s [\/vc_column_text][vc_column_text css=\u00a0\u00bb\u00a0\u00bb] Nous avons bien re\u00e7u votre demande et nous vous r\u00e9pondrons tr\u00e8s prochainement. [\/vc_column_text][vc_empty_space height=\u00a0\u00bb100px\u00a0\u00bb][vc_empty_space height=\u00a0\u00bb100px\u00a0\u00bb el_class=\u00a0\u00bbvc_hidden-sm vc_hidden-xs\u00a0\u00bb][\/vc_column][\/vc_row]","og_url":"https:\/\/hederaerasmus.com\/fr\/merci-contact\/","og_site_name":"Hedera","article_publisher":"https:\/\/www.facebook.com\/profile.php?id=61554260382997","article_modified_time":"2026-02-27T12:52:50+00:00","twitter_card":"summary_large_image","twitter_misc":{"Dur\u00e9e de lecture estim\u00e9e":"1 minute"},"schema":{"@context":"https:\/\/schema.org","@graph":[{"@type":"WebPage","@id":"https:\/\/hederaerasmus.com\/fr\/merci-contact\/","url":"https:\/\/hederaerasmus.com\/fr\/merci-contact\/","name":"Merci - contact - Hedera","isPartOf":{"@id":"https:\/\/hederaerasmus.com\/fr\/#website"},"datePublished":"2026-02-26T09:42:18+00:00","dateModified":"2026-02-27T12:52:50+00:00","breadcrumb":{"@id":"https:\/\/hederaerasmus.com\/fr\/merci-contact\/#breadcrumb"},"inLanguage":"fr-FR","potentialAction":[{"@type":"ReadAction","target":["https:\/\/hederaerasmus.com\/fr\/merci-contact\/"]}]},{"@type":"BreadcrumbList","@id":"https:\/\/hederaerasmus.com\/fr\/merci-contact\/#breadcrumb","itemListElement":[{"@type":"ListItem","position":1,"name":"Portada","item":"https:\/\/hederaerasmus.com\/fr\/"},{"@type":"ListItem","position":2,"name":"Merci &#8211; contact"}]},{"@type":"WebSite","@id":"https:\/\/hederaerasmus.com\/fr\/#website","url":"https:\/\/hederaerasmus.com\/fr\/","name":"Hedera","description":"","publisher":{"@id":"https:\/\/hederaerasmus.com\/fr\/#organization"},"potentialAction":[{"@type":"SearchAction","target":{"@type":"EntryPoint","urlTemplate":"https:\/\/hederaerasmus.com\/fr\/?s={search_term_string}"},"query-input":{"@type":"PropertyValueSpecification","valueRequired":true,"valueName":"search_term_string"}}],"inLanguage":"fr-FR"},{"@type":"Organization","@id":"https:\/\/hederaerasmus.com\/fr\/#organization","name":"Hedera","url":"https:\/\/hederaerasmus.com\/fr\/","logo":{"@type":"ImageObject","inLanguage":"fr-FR","@id":"https:\/\/hederaerasmus.com\/fr\/#\/schema\/logo\/image\/","url":"https:\/\/hederaerasmus.com\/wp-content\/uploads\/2023\/06\/Logo.png","contentUrl":"https:\/\/hederaerasmus.com\/wp-content\/uploads\/2023\/06\/Logo.png","width":2649,"height":2137,"caption":"Hedera"},"image":{"@id":"https:\/\/hederaerasmus.com\/fr\/#\/schema\/logo\/image\/"},"sameAs":["https:\/\/www.facebook.com\/profile.php?id=61554260382997","https:\/\/www.instagram.com\/hedera.erasmus"]}]}},"_links":{"self":[{"href":"https:\/\/hederaerasmus.com\/fr\/wp-json\/wp\/v2\/pages\/14544","targetHints":{"allow":["GET"]}}],"collection":[{"href":"https:\/\/hederaerasmus.com\/fr\/wp-json\/wp\/v2\/pages"}],"about":[{"href":"https:\/\/hederaerasmus.com\/fr\/wp-json\/wp\/v2\/types\/page"}],"author":[{"embeddable":true,"href":"https:\/\/hederaerasmus.com\/fr\/wp-json\/wp\/v2\/users\/4"}],"replies":[{"embeddable":true,"href":"https:\/\/hederaerasmus.com\/fr\/wp-json\/wp\/v2\/comments?post=14544"}],"version-history":[{"count":2,"href":"https:\/\/hederaerasmus.com\/fr\/wp-json\/wp\/v2\/pages\/14544\/revisions"}],"predecessor-version":[{"id":14574,"href":"https:\/\/hederaerasmus.com\/fr\/wp-json\/wp\/v2\/pages\/14544\/revisions\/14574"}],"wp:attachment":[{"href":"https:\/\/hederaerasmus.com\/fr\/wp-json\/wp\/v2\/media?parent=14544"}],"curies":[{"name":"wp","href":"https:\/\/api.w.org\/{rel}","templated":true}]}}