{"id":1295,"date":"2024-03-01T09:03:48","date_gmt":"2024-03-01T08:03:48","guid":{"rendered":"https:\/\/hederaerasmus.com\/transparencia\/"},"modified":"2024-04-09T09:56:49","modified_gmt":"2024-04-09T08:56:49","slug":"transparence","status":"publish","type":"page","link":"https:\/\/hederaerasmus.com\/fr\/transparence\/","title":{"rendered":"Transparence"},"content":{"rendered":"<div class=\"wpb-content-wrapper\"><p>[vc_section][vc_row][vc_column][vc_row_inner equal_height=\u00a0\u00bbyes\u00a0\u00bb][vc_column_inner el_class=\u00a0\u00bbcol-izq\u00a0\u00bb width=\u00a0\u00bb1\/6&Prime;][vc_single_image image=\u00a0\u00bb618&Prime; img_size=\u00a0\u00bbfull\u00a0\u00bb alignment=\u00a0\u00bbcenter\u00a0\u00bb css_animation=\u00a0\u00bbfadeInLeft\u00a0\u00bb][\/vc_column_inner][vc_column_inner width=\u00a0\u00bb2\/3&Prime;][vc_column_text el_class=\u00a0\u00bbtitulo-1&Prime;]<\/p>\n<p style=\"text-align: center;\">Transparence<\/p>\n<p>[\/vc_column_text][vc_column_text el_class=\u00a0\u00bblaterales-25&Prime;]La page de transparence de Hedera, un projet Erasmus+, vise \u00e0 fournir une vision claire et d\u00e9taill\u00e9e de sa gestion, de ses progr\u00e8s et des objectifs atteints. Elle se distingue par l&rsquo;inclusion de guides pratiques sur la durabilit\u00e9 environnementale et l&rsquo;accessibilit\u00e9. Ces documents refl\u00e8tent l&rsquo;engagement de l&rsquo;initiative \u00e0 promouvoir des pratiques responsables, en assurant que ses activit\u00e9s et r\u00e9sultats sont non seulement transparents, mais \u00e9galement align\u00e9s sur les principes europ\u00e9ens.[\/vc_column_text][vc_empty_space][\/vc_column_inner][vc_column_inner el_class=\u00a0\u00bbcol-der\u00a0\u00bb width=\u00a0\u00bb1\/6&Prime;][vc_single_image image=\u00a0\u00bb634&Prime; img_size=\u00a0\u00bbfull\u00a0\u00bb alignment=\u00a0\u00bbcenter\u00a0\u00bb css_animation=\u00a0\u00bbfadeInRight\u00a0\u00bb][\/vc_column_inner][\/vc_row_inner][vc_empty_space][vc_row_inner][vc_column_inner width=\u00a0\u00bb1\/6&Prime;][\/vc_column_inner][vc_column_inner width=\u00a0\u00bb1\/3&Prime;][vc_single_image image=\u00a0\u00bb1483&Prime; img_size=\u00a0\u00bbmedium\u00a0\u00bb onclick=\u00a0\u00bbcustom_link\u00a0\u00bb img_link_target=\u00a0\u00bb_blank\u00a0\u00bb link=\u00a0\u00bbhttps:\/\/hederaerasmus.com\/wp-content\/uploads\/2024\/04\/Carta-Practicas-Verdes-Hedera-FR.pdf\u00a0\u00bb]<div class=\"aio-icon-component    style_1\"><a class=\"aio-icon-box-link\" href=\"https:\/\/hederaerasmus.com\/wp-content\/uploads\/2024\/04\/Carta-Practicas-Verdes-Hedera-FR.pdf\" target=\"_blank\" rel=\"noopener\" ><div id=\"Info-box-wrap-6171\" class=\"aio-icon-box default-icon\" style=\"\"  ><div class=\"aio-icon-default\"><div class=\"ult-just-icon-wrapper  \"><div class=\"align-icon\" style=\"text-align:center;\">\n<div class=\"aio-icon none \"  style=\"color:#58762d;font-size:20px;display:inline-block;\">\n\t<i class=\"Defaults-download\"><\/i>\n<\/div><\/div><\/div><\/div><div class=\"aio-icon-header\" ><h6 class=\"aio-icon-title ult-responsive\"  data-ultimate-target='#Info-box-wrap-6171 .aio-icon-title'  data-responsive-json-new='{\"font-size\":\"\",\"line-height\":\"\"}'  style=\"\">Lettre de practiques vertes<\/h6><\/div> <!-- header --><div class=\"aio-icon-description ult-responsive\"  data-ultimate-target='#Info-box-wrap-6171 .aio-icon-description'  data-responsive-json-new='{\"font-size\":\"\",\"line-height\":\"\"}'  style=\"\"><em>(pdf 226 kB)<\/em><\/div> <!-- description --><\/div> <!-- aio-icon-box --><\/a><\/div> <!-- aio-icon-component -->[\/vc_column_inner][vc_column_inner width=\u00a0\u00bb1\/3&Prime;][vc_single_image image=\u00a0\u00bb1489&Prime; img_size=\u00a0\u00bbmedium\u00a0\u00bb onclick=\u00a0\u00bbcustom_link\u00a0\u00bb img_link_target=\u00a0\u00bb_blank\u00a0\u00bb link=\u00a0\u00bbhttps:\/\/hederaerasmus.com\/wp-content\/uploads\/2024\/04\/Guia-Accesibilidad-Proyecto-Hedera-FR.pdf\u00a0\u00bb]<div class=\"aio-icon-component    style_1\"><a class=\"aio-icon-box-link\" href=\"https:\/\/hederaerasmus.com\/wp-content\/uploads\/2024\/04\/Guia-Accesibilidad-Proyecto-Hedera-FR.pdf\" target=\"_blank\" rel=\"noopener\" ><div id=\"Info-box-wrap-7217\" class=\"aio-icon-box default-icon\" style=\"\"  ><div class=\"aio-icon-default\"><div class=\"ult-just-icon-wrapper  \"><div class=\"align-icon\" style=\"text-align:center;\">\n<div class=\"aio-icon none \"  style=\"color:#58762d;font-size:20px;display:inline-block;\">\n\t<i class=\"Defaults-download\"><\/i>\n<\/div><\/div><\/div><\/div><div class=\"aio-icon-header\" ><h6 class=\"aio-icon-title ult-responsive\"  data-ultimate-target='#Info-box-wrap-7217 .aio-icon-title'  data-responsive-json-new='{\"font-size\":\"\",\"line-height\":\"\"}'  style=\"\">Guide d'accessibilit\u00e9<\/h6><\/div> <!-- header --><div class=\"aio-icon-description ult-responsive\"  data-ultimate-target='#Info-box-wrap-7217 .aio-icon-description'  data-responsive-json-new='{\"font-size\":\"\",\"line-height\":\"\"}'  style=\"\"><em>(pdf 250 kB)<\/em><\/div> <!-- description --><\/div> <!-- aio-icon-box --><\/a><\/div> <!-- aio-icon-component -->[\/vc_column_inner][vc_column_inner width=\u00a0\u00bb1\/6&Prime;][\/vc_column_inner][\/vc_row_inner][vc_empty_space height=\u00a0\u00bb100px\u00a0\u00bb][\/vc_column][\/vc_row][\/vc_section]<\/p>\n<\/div>","protected":false},"excerpt":{"rendered":"<p>[vc_section][vc_row][vc_column][vc_row_inner equal_height=\u00a0\u00bbyes\u00a0\u00bb][vc_column_inner el_class=\u00a0\u00bbcol-izq\u00a0\u00bb width=\u00a0\u00bb1\/6&Prime;][vc_single_image image=\u00a0\u00bb618&Prime; img_size=\u00a0\u00bbfull\u00a0\u00bb alignment=\u00a0\u00bbcenter\u00a0\u00bb css_animation=\u00a0\u00bbfadeInLeft\u00a0\u00bb][\/vc_column_inner][vc_column_inner width=\u00a0\u00bb2\/3&Prime;][vc_column_text el_class=\u00a0\u00bbtitulo-1&Prime;] Transparence [\/vc_column_text][vc_column_text el_class=\u00a0\u00bblaterales-25&Prime;]La page de transparence de Hedera, un projet Erasmus+, vise \u00e0 fournir une vision claire et d\u00e9taill\u00e9e de &#8230; <a title=\"Transparence\" class=\"read-more\" href=\"https:\/\/hederaerasmus.com\/fr\/transparence\/\" aria-label=\"En savoir plus sur Transparence\">+<\/a><\/p>\n","protected":false},"author":3,"featured_media":0,"parent":0,"menu_order":0,"comment_status":"closed","ping_status":"closed","template":"","meta":{"_acf_changed":false,"footnotes":""},"class_list":["post-1295","page","type-page","status-publish"],"acf":[],"yoast_head":"<!-- This site is optimized with the Yoast SEO plugin v27.1.1 - https:\/\/yoast.com\/product\/yoast-seo-wordpress\/ -->\n<title>Transparence - Hedera<\/title>\n<meta name=\"description\" content=\"Somos un equipo de cinco entidades dedicadas a la creaci\u00f3n de un innovador modelo de terapia familiar a domicilio.\" \/>\n<meta name=\"robots\" content=\"index, follow, max-snippet:-1, max-image-preview:large, max-video-preview:-1\" \/>\n<link rel=\"canonical\" href=\"https:\/\/hederaerasmus.com\/fr\/transparence\/\" \/>\n<meta property=\"og:locale\" content=\"fr_FR\" \/>\n<meta property=\"og:type\" content=\"article\" \/>\n<meta property=\"og:title\" content=\"Transparence - Hedera\" \/>\n<meta property=\"og:description\" content=\"Somos un equipo de cinco entidades dedicadas a la creaci\u00f3n de un innovador modelo de terapia familiar a domicilio.\" \/>\n<meta property=\"og:url\" content=\"https:\/\/hederaerasmus.com\/fr\/transparence\/\" \/>\n<meta property=\"og:site_name\" content=\"Hedera\" \/>\n<meta property=\"article:publisher\" content=\"https:\/\/www.facebook.com\/profile.php?id=61554260382997\" \/>\n<meta property=\"article:modified_time\" content=\"2024-04-09T08:56:49+00:00\" \/>\n<meta name=\"twitter:card\" content=\"summary_large_image\" \/>\n<meta name=\"twitter:label1\" content=\"Dur\u00e9e de lecture estim\u00e9e\" \/>\n\t<meta name=\"twitter:data1\" content=\"2 minutes\" \/>\n<script type=\"application\/ld+json\" class=\"yoast-schema-graph\">{\"@context\":\"https:\/\/schema.org\",\"@graph\":[{\"@type\":\"WebPage\",\"@id\":\"https:\/\/hederaerasmus.com\/fr\/transparence\/\",\"url\":\"https:\/\/hederaerasmus.com\/fr\/transparence\/\",\"name\":\"Transparence - Hedera\",\"isPartOf\":{\"@id\":\"https:\/\/hederaerasmus.com\/fr\/#website\"},\"datePublished\":\"2024-03-01T08:03:48+00:00\",\"dateModified\":\"2024-04-09T08:56:49+00:00\",\"description\":\"Somos un equipo de cinco entidades dedicadas a la creaci\u00f3n de un innovador modelo de terapia familiar a domicilio.\",\"breadcrumb\":{\"@id\":\"https:\/\/hederaerasmus.com\/fr\/transparence\/#breadcrumb\"},\"inLanguage\":\"fr-FR\",\"potentialAction\":[{\"@type\":\"ReadAction\",\"target\":[\"https:\/\/hederaerasmus.com\/fr\/transparence\/\"]}]},{\"@type\":\"BreadcrumbList\",\"@id\":\"https:\/\/hederaerasmus.com\/fr\/transparence\/#breadcrumb\",\"itemListElement\":[{\"@type\":\"ListItem\",\"position\":1,\"name\":\"Portada\",\"item\":\"https:\/\/hederaerasmus.com\/fr\/\"},{\"@type\":\"ListItem\",\"position\":2,\"name\":\"Transparence\"}]},{\"@type\":\"WebSite\",\"@id\":\"https:\/\/hederaerasmus.com\/fr\/#website\",\"url\":\"https:\/\/hederaerasmus.com\/fr\/\",\"name\":\"Hedera\",\"description\":\"\",\"publisher\":{\"@id\":\"https:\/\/hederaerasmus.com\/fr\/#organization\"},\"potentialAction\":[{\"@type\":\"SearchAction\",\"target\":{\"@type\":\"EntryPoint\",\"urlTemplate\":\"https:\/\/hederaerasmus.com\/fr\/?s={search_term_string}\"},\"query-input\":{\"@type\":\"PropertyValueSpecification\",\"valueRequired\":true,\"valueName\":\"search_term_string\"}}],\"inLanguage\":\"fr-FR\"},{\"@type\":\"Organization\",\"@id\":\"https:\/\/hederaerasmus.com\/fr\/#organization\",\"name\":\"Hedera\",\"url\":\"https:\/\/hederaerasmus.com\/fr\/\",\"logo\":{\"@type\":\"ImageObject\",\"inLanguage\":\"fr-FR\",\"@id\":\"https:\/\/hederaerasmus.com\/fr\/#\/schema\/logo\/image\/\",\"url\":\"https:\/\/hederaerasmus.com\/wp-content\/uploads\/2023\/06\/Logo.png\",\"contentUrl\":\"https:\/\/hederaerasmus.com\/wp-content\/uploads\/2023\/06\/Logo.png\",\"width\":2649,\"height\":2137,\"caption\":\"Hedera\"},\"image\":{\"@id\":\"https:\/\/hederaerasmus.com\/fr\/#\/schema\/logo\/image\/\"},\"sameAs\":[\"https:\/\/www.facebook.com\/profile.php?id=61554260382997\",\"https:\/\/www.instagram.com\/hedera.erasmus\"]}]}<\/script>\n<!-- \/ Yoast SEO plugin. -->","yoast_head_json":{"title":"Transparence - Hedera","description":"Somos un equipo de cinco entidades dedicadas a la creaci\u00f3n de un innovador modelo de terapia familiar a domicilio.","robots":{"index":"index","follow":"follow","max-snippet":"max-snippet:-1","max-image-preview":"max-image-preview:large","max-video-preview":"max-video-preview:-1"},"canonical":"https:\/\/hederaerasmus.com\/fr\/transparence\/","og_locale":"fr_FR","og_type":"article","og_title":"Transparence - Hedera","og_description":"Somos un equipo de cinco entidades dedicadas a la creaci\u00f3n de un innovador modelo de terapia familiar a domicilio.","og_url":"https:\/\/hederaerasmus.com\/fr\/transparence\/","og_site_name":"Hedera","article_publisher":"https:\/\/www.facebook.com\/profile.php?id=61554260382997","article_modified_time":"2024-04-09T08:56:49+00:00","twitter_card":"summary_large_image","twitter_misc":{"Dur\u00e9e de lecture estim\u00e9e":"2 minutes"},"schema":{"@context":"https:\/\/schema.org","@graph":[{"@type":"WebPage","@id":"https:\/\/hederaerasmus.com\/fr\/transparence\/","url":"https:\/\/hederaerasmus.com\/fr\/transparence\/","name":"Transparence - Hedera","isPartOf":{"@id":"https:\/\/hederaerasmus.com\/fr\/#website"},"datePublished":"2024-03-01T08:03:48+00:00","dateModified":"2024-04-09T08:56:49+00:00","description":"Somos un equipo de cinco entidades dedicadas a la creaci\u00f3n de un innovador modelo de terapia familiar a domicilio.","breadcrumb":{"@id":"https:\/\/hederaerasmus.com\/fr\/transparence\/#breadcrumb"},"inLanguage":"fr-FR","potentialAction":[{"@type":"ReadAction","target":["https:\/\/hederaerasmus.com\/fr\/transparence\/"]}]},{"@type":"BreadcrumbList","@id":"https:\/\/hederaerasmus.com\/fr\/transparence\/#breadcrumb","itemListElement":[{"@type":"ListItem","position":1,"name":"Portada","item":"https:\/\/hederaerasmus.com\/fr\/"},{"@type":"ListItem","position":2,"name":"Transparence"}]},{"@type":"WebSite","@id":"https:\/\/hederaerasmus.com\/fr\/#website","url":"https:\/\/hederaerasmus.com\/fr\/","name":"Hedera","description":"","publisher":{"@id":"https:\/\/hederaerasmus.com\/fr\/#organization"},"potentialAction":[{"@type":"SearchAction","target":{"@type":"EntryPoint","urlTemplate":"https:\/\/hederaerasmus.com\/fr\/?s={search_term_string}"},"query-input":{"@type":"PropertyValueSpecification","valueRequired":true,"valueName":"search_term_string"}}],"inLanguage":"fr-FR"},{"@type":"Organization","@id":"https:\/\/hederaerasmus.com\/fr\/#organization","name":"Hedera","url":"https:\/\/hederaerasmus.com\/fr\/","logo":{"@type":"ImageObject","inLanguage":"fr-FR","@id":"https:\/\/hederaerasmus.com\/fr\/#\/schema\/logo\/image\/","url":"https:\/\/hederaerasmus.com\/wp-content\/uploads\/2023\/06\/Logo.png","contentUrl":"https:\/\/hederaerasmus.com\/wp-content\/uploads\/2023\/06\/Logo.png","width":2649,"height":2137,"caption":"Hedera"},"image":{"@id":"https:\/\/hederaerasmus.com\/fr\/#\/schema\/logo\/image\/"},"sameAs":["https:\/\/www.facebook.com\/profile.php?id=61554260382997","https:\/\/www.instagram.com\/hedera.erasmus"]}]}},"_links":{"self":[{"href":"https:\/\/hederaerasmus.com\/fr\/wp-json\/wp\/v2\/pages\/1295","targetHints":{"allow":["GET"]}}],"collection":[{"href":"https:\/\/hederaerasmus.com\/fr\/wp-json\/wp\/v2\/pages"}],"about":[{"href":"https:\/\/hederaerasmus.com\/fr\/wp-json\/wp\/v2\/types\/page"}],"author":[{"embeddable":true,"href":"https:\/\/hederaerasmus.com\/fr\/wp-json\/wp\/v2\/users\/3"}],"replies":[{"embeddable":true,"href":"https:\/\/hederaerasmus.com\/fr\/wp-json\/wp\/v2\/comments?post=1295"}],"version-history":[{"count":10,"href":"https:\/\/hederaerasmus.com\/fr\/wp-json\/wp\/v2\/pages\/1295\/revisions"}],"predecessor-version":[{"id":1522,"href":"https:\/\/hederaerasmus.com\/fr\/wp-json\/wp\/v2\/pages\/1295\/revisions\/1522"}],"wp:attachment":[{"href":"https:\/\/hederaerasmus.com\/fr\/wp-json\/wp\/v2\/media?parent=1295"}],"curies":[{"name":"wp","href":"https:\/\/api.w.org\/{rel}","templated":true}]}}