{"id":1053,"date":"2023-06-12T14:17:31","date_gmt":"2023-06-12T13:17:31","guid":{"rendered":"https:\/\/hederaerasmus.com\/aviso-legal\/"},"modified":"2024-03-07T16:11:18","modified_gmt":"2024-03-07T15:11:18","slug":"mentions-legales","status":"publish","type":"page","link":"https:\/\/hederaerasmus.com\/fr\/mentions-legales\/","title":{"rendered":"Mentions L\u00e9gales"},"content":{"rendered":"<div class=\"wpb-content-wrapper\"><p>[vc_row][vc_column][vc_column_text]<\/p>\n<h1>Mentions L\u00e9gales<\/h1>\n<h5><span style=\"color: var(--accent);\"><strong>Donn\u00e9es d&rsquo;identification<\/strong><\/span><\/h5>\n<p>EDUVIC SCCL est une entreprise inscrite au Registre des Coop\u00e9ratives, sous le num\u00e9ro 6633. Son si\u00e8ge est situ\u00e9 au C \/ Castelao, 124 Local, de l&rsquo;Hospitalet de Llobregat (08902), et son NIF : F60709896.<\/p>\n<p>Courriel EDUVIC : eduvic@eduvic.coop<\/p>\n<p>Courriel \u00c9cole Itinere : escolaitinere@eduvic.coop<\/p>\n<h5><span style=\"color: var(--accent);\"><strong>Validit\u00e9 de l&rsquo;information<\/strong><\/span><\/h5>\n<p>L&rsquo;acc\u00e8s au portail d&rsquo;EDUVIC et \u00e9galement les informations concernant l&rsquo;un des produits et services qu&rsquo;il contient impliquent l&rsquo;acceptation des conditions \u00e9nonc\u00e9es dans le pr\u00e9sent avis l\u00e9gal. De m\u00eame, les informations contenues dans ces pages sont actuelles \u00e0 la date de leur derni\u00e8re mise \u00e0 jour. N\u00e9anmoins, les informations relatives aux produits et services offerts sur ce site web sont exclusivement indicatives et en aucun cas contraignantes.<\/p>\n<h5><span style=\"color: var(--accent);\"><strong>Propri\u00e9t\u00e9 intellectuelle ou industrielle<\/strong><\/span><\/h5>\n<p>Le contenu de ce site web est prot\u00e9g\u00e9 par la Loi sur la Propri\u00e9t\u00e9 Industrielle ou Intellectuelle. Par cons\u00e9quent, les contenus, codes source, forme, design, pages, marques, noms commerciaux, logos ainsi que la d\u00e9nomination des produits, applications et outils sont la propri\u00e9t\u00e9 d&rsquo;EDUVIC et leur distribution, modification, transmission, copie ou toute utilisation de ceux-ci doit \u00eatre express\u00e9ment autoris\u00e9e par EDUVIC. Il convient de noter que la violation des r\u00e8gles de protection de la propri\u00e9t\u00e9 industrielle ou intellectuelle entra\u00eene, le cas \u00e9ch\u00e9ant, outre les \u00e9ventuelles responsabilit\u00e9s \u00e9conomiques, l&rsquo;exigence de responsabilit\u00e9s p\u00e9nales.<\/p>\n<h5><span style=\"color: var(--accent);\"><strong>Responsabilit\u00e9s<\/strong><\/span><\/h5>\n<p>Les informations contenues dans ces pages web sont actuelles \u00e0 la date de leur derni\u00e8re mise \u00e0 jour et ne repr\u00e9sentent aucune obligation contractuelle pour EDUVIC, mais sont expos\u00e9es \u00e0 titre informatif et ne constituent pas une offre d&rsquo;achat ou de vente d&rsquo;aucun type de produit ou service. La date de mise \u00e0 jour de toute information peut \u00eatre confirm\u00e9e via le formulaire apparaissant en cliquant sur la page principale du site web.<\/p>\n<p>EDUVIC d\u00e9cline toute responsabilit\u00e9 d\u00e9coulant de la mauvaise utilisation des contenus de ses pages web et se r\u00e9serve le droit de les mettre \u00e0 jour, de les supprimer, de les limiter ou d&rsquo;en interdire l&rsquo;acc\u00e8s, de mani\u00e8re temporaire ou d\u00e9finitive, sans pr\u00e9avis. Il n&rsquo;est \u00e9galement pas responsable des informations non directement \u00e9labor\u00e9es par l&rsquo;entreprise et rejette en particulier toute responsabilit\u00e9 concernant les informations contenues dans les pages web accessibles via des liens (links).<\/p>\n<p>En outre, EDUVIC n&rsquo;est pas responsable des \u00e9ventuelles erreurs de s\u00e9curit\u00e9 qui pourraient survenir en utilisant des ordinateurs infect\u00e9s par des virus informatiques, ni des cons\u00e9quences r\u00e9sultant du mauvais fonctionnement du navigateur (browser) ou de l&rsquo;utilisation de versions non mises \u00e0 jour.<\/p>\n<p>EDUVIC : Tous droits r\u00e9serv\u00e9s.[\/vc_column_text][\/vc_column][\/vc_row]<\/p>\n<\/div>","protected":false},"excerpt":{"rendered":"<p>[vc_row][vc_column][vc_column_text] Mentions L\u00e9gales Donn\u00e9es d&rsquo;identification EDUVIC SCCL est une entreprise inscrite au Registre des Coop\u00e9ratives, sous le num\u00e9ro 6633. Son si\u00e8ge est situ\u00e9 au C \/ Castelao, 124 Local, de &#8230; <a title=\"Mentions L\u00e9gales\" class=\"read-more\" href=\"https:\/\/hederaerasmus.com\/fr\/mentions-legales\/\" aria-label=\"En savoir plus sur Mentions L\u00e9gales\">+<\/a><\/p>\n","protected":false},"author":4,"featured_media":0,"parent":0,"menu_order":0,"comment_status":"closed","ping_status":"closed","template":"","meta":{"_acf_changed":false,"footnotes":""},"class_list":["post-1053","page","type-page","status-publish"],"acf":[],"yoast_head":"<!-- This site is optimized with the Yoast SEO plugin v27.1.1 - https:\/\/yoast.com\/product\/yoast-seo-wordpress\/ -->\n<title>Mentions L\u00e9gales - Hedera<\/title>\n<meta name=\"robots\" content=\"noindex, nofollow\" \/>\n<meta property=\"og:locale\" content=\"fr_FR\" \/>\n<meta property=\"og:type\" content=\"article\" \/>\n<meta property=\"og:title\" content=\"Mentions L\u00e9gales - Hedera\" \/>\n<meta property=\"og:description\" content=\"[vc_row][vc_column][vc_column_text] Mentions L\u00e9gales Donn\u00e9es d&rsquo;identification EDUVIC SCCL est une entreprise inscrite au Registre des Coop\u00e9ratives, sous le num\u00e9ro 6633. Son si\u00e8ge est situ\u00e9 au C \/ Castelao, 124 Local, de ... +\" \/>\n<meta property=\"og:url\" content=\"https:\/\/hederaerasmus.com\/fr\/mentions-legales\/\" \/>\n<meta property=\"og:site_name\" content=\"Hedera\" \/>\n<meta property=\"article:publisher\" content=\"https:\/\/www.facebook.com\/profile.php?id=61554260382997\" \/>\n<meta property=\"article:modified_time\" content=\"2024-03-07T15:11:18+00:00\" \/>\n<meta name=\"twitter:card\" content=\"summary_large_image\" \/>\n<meta name=\"twitter:label1\" content=\"Dur\u00e9e de lecture estim\u00e9e\" \/>\n\t<meta name=\"twitter:data1\" content=\"2 minutes\" \/>\n<script type=\"application\/ld+json\" class=\"yoast-schema-graph\">{\"@context\":\"https:\/\/schema.org\",\"@graph\":[{\"@type\":\"WebPage\",\"@id\":\"https:\/\/hederaerasmus.com\/fr\/mentions-legales\/\",\"url\":\"https:\/\/hederaerasmus.com\/fr\/mentions-legales\/\",\"name\":\"Mentions L\u00e9gales - Hedera\",\"isPartOf\":{\"@id\":\"https:\/\/hederaerasmus.com\/fr\/#website\"},\"datePublished\":\"2023-06-12T13:17:31+00:00\",\"dateModified\":\"2024-03-07T15:11:18+00:00\",\"breadcrumb\":{\"@id\":\"https:\/\/hederaerasmus.com\/fr\/mentions-legales\/#breadcrumb\"},\"inLanguage\":\"fr-FR\",\"potentialAction\":[{\"@type\":\"ReadAction\",\"target\":[\"https:\/\/hederaerasmus.com\/fr\/mentions-legales\/\"]}]},{\"@type\":\"BreadcrumbList\",\"@id\":\"https:\/\/hederaerasmus.com\/fr\/mentions-legales\/#breadcrumb\",\"itemListElement\":[{\"@type\":\"ListItem\",\"position\":1,\"name\":\"Portada\",\"item\":\"https:\/\/hederaerasmus.com\/fr\/\"},{\"@type\":\"ListItem\",\"position\":2,\"name\":\"Mentions L\u00e9gales\"}]},{\"@type\":\"WebSite\",\"@id\":\"https:\/\/hederaerasmus.com\/fr\/#website\",\"url\":\"https:\/\/hederaerasmus.com\/fr\/\",\"name\":\"Hedera\",\"description\":\"\",\"publisher\":{\"@id\":\"https:\/\/hederaerasmus.com\/fr\/#organization\"},\"potentialAction\":[{\"@type\":\"SearchAction\",\"target\":{\"@type\":\"EntryPoint\",\"urlTemplate\":\"https:\/\/hederaerasmus.com\/fr\/?s={search_term_string}\"},\"query-input\":{\"@type\":\"PropertyValueSpecification\",\"valueRequired\":true,\"valueName\":\"search_term_string\"}}],\"inLanguage\":\"fr-FR\"},{\"@type\":\"Organization\",\"@id\":\"https:\/\/hederaerasmus.com\/fr\/#organization\",\"name\":\"Hedera\",\"url\":\"https:\/\/hederaerasmus.com\/fr\/\",\"logo\":{\"@type\":\"ImageObject\",\"inLanguage\":\"fr-FR\",\"@id\":\"https:\/\/hederaerasmus.com\/fr\/#\/schema\/logo\/image\/\",\"url\":\"https:\/\/hederaerasmus.com\/wp-content\/uploads\/2023\/06\/Logo.png\",\"contentUrl\":\"https:\/\/hederaerasmus.com\/wp-content\/uploads\/2023\/06\/Logo.png\",\"width\":2649,\"height\":2137,\"caption\":\"Hedera\"},\"image\":{\"@id\":\"https:\/\/hederaerasmus.com\/fr\/#\/schema\/logo\/image\/\"},\"sameAs\":[\"https:\/\/www.facebook.com\/profile.php?id=61554260382997\",\"https:\/\/www.instagram.com\/hedera.erasmus\"]}]}<\/script>\n<!-- \/ Yoast SEO plugin. -->","yoast_head_json":{"title":"Mentions L\u00e9gales - Hedera","robots":{"index":"noindex","follow":"nofollow"},"og_locale":"fr_FR","og_type":"article","og_title":"Mentions L\u00e9gales - Hedera","og_description":"[vc_row][vc_column][vc_column_text] Mentions L\u00e9gales Donn\u00e9es d&rsquo;identification EDUVIC SCCL est une entreprise inscrite au Registre des Coop\u00e9ratives, sous le num\u00e9ro 6633. Son si\u00e8ge est situ\u00e9 au C \/ Castelao, 124 Local, de ... +","og_url":"https:\/\/hederaerasmus.com\/fr\/mentions-legales\/","og_site_name":"Hedera","article_publisher":"https:\/\/www.facebook.com\/profile.php?id=61554260382997","article_modified_time":"2024-03-07T15:11:18+00:00","twitter_card":"summary_large_image","twitter_misc":{"Dur\u00e9e de lecture estim\u00e9e":"2 minutes"},"schema":{"@context":"https:\/\/schema.org","@graph":[{"@type":"WebPage","@id":"https:\/\/hederaerasmus.com\/fr\/mentions-legales\/","url":"https:\/\/hederaerasmus.com\/fr\/mentions-legales\/","name":"Mentions L\u00e9gales - Hedera","isPartOf":{"@id":"https:\/\/hederaerasmus.com\/fr\/#website"},"datePublished":"2023-06-12T13:17:31+00:00","dateModified":"2024-03-07T15:11:18+00:00","breadcrumb":{"@id":"https:\/\/hederaerasmus.com\/fr\/mentions-legales\/#breadcrumb"},"inLanguage":"fr-FR","potentialAction":[{"@type":"ReadAction","target":["https:\/\/hederaerasmus.com\/fr\/mentions-legales\/"]}]},{"@type":"BreadcrumbList","@id":"https:\/\/hederaerasmus.com\/fr\/mentions-legales\/#breadcrumb","itemListElement":[{"@type":"ListItem","position":1,"name":"Portada","item":"https:\/\/hederaerasmus.com\/fr\/"},{"@type":"ListItem","position":2,"name":"Mentions L\u00e9gales"}]},{"@type":"WebSite","@id":"https:\/\/hederaerasmus.com\/fr\/#website","url":"https:\/\/hederaerasmus.com\/fr\/","name":"Hedera","description":"","publisher":{"@id":"https:\/\/hederaerasmus.com\/fr\/#organization"},"potentialAction":[{"@type":"SearchAction","target":{"@type":"EntryPoint","urlTemplate":"https:\/\/hederaerasmus.com\/fr\/?s={search_term_string}"},"query-input":{"@type":"PropertyValueSpecification","valueRequired":true,"valueName":"search_term_string"}}],"inLanguage":"fr-FR"},{"@type":"Organization","@id":"https:\/\/hederaerasmus.com\/fr\/#organization","name":"Hedera","url":"https:\/\/hederaerasmus.com\/fr\/","logo":{"@type":"ImageObject","inLanguage":"fr-FR","@id":"https:\/\/hederaerasmus.com\/fr\/#\/schema\/logo\/image\/","url":"https:\/\/hederaerasmus.com\/wp-content\/uploads\/2023\/06\/Logo.png","contentUrl":"https:\/\/hederaerasmus.com\/wp-content\/uploads\/2023\/06\/Logo.png","width":2649,"height":2137,"caption":"Hedera"},"image":{"@id":"https:\/\/hederaerasmus.com\/fr\/#\/schema\/logo\/image\/"},"sameAs":["https:\/\/www.facebook.com\/profile.php?id=61554260382997","https:\/\/www.instagram.com\/hedera.erasmus"]}]}},"_links":{"self":[{"href":"https:\/\/hederaerasmus.com\/fr\/wp-json\/wp\/v2\/pages\/1053","targetHints":{"allow":["GET"]}}],"collection":[{"href":"https:\/\/hederaerasmus.com\/fr\/wp-json\/wp\/v2\/pages"}],"about":[{"href":"https:\/\/hederaerasmus.com\/fr\/wp-json\/wp\/v2\/types\/page"}],"author":[{"embeddable":true,"href":"https:\/\/hederaerasmus.com\/fr\/wp-json\/wp\/v2\/users\/4"}],"replies":[{"embeddable":true,"href":"https:\/\/hederaerasmus.com\/fr\/wp-json\/wp\/v2\/comments?post=1053"}],"version-history":[{"count":3,"href":"https:\/\/hederaerasmus.com\/fr\/wp-json\/wp\/v2\/pages\/1053\/revisions"}],"predecessor-version":[{"id":1266,"href":"https:\/\/hederaerasmus.com\/fr\/wp-json\/wp\/v2\/pages\/1053\/revisions\/1266"}],"wp:attachment":[{"href":"https:\/\/hederaerasmus.com\/fr\/wp-json\/wp\/v2\/media?parent=1053"}],"curies":[{"name":"wp","href":"https:\/\/api.w.org\/{rel}","templated":true}]}}