{"id":1071,"date":"2023-06-12T14:17:51","date_gmt":"2023-06-12T13:17:51","guid":{"rendered":"https:\/\/hederaerasmus.com\/politica-privacidad\/"},"modified":"2025-03-24T15:58:34","modified_gmt":"2025-03-24T14:58:34","slug":"politica-privacitat","status":"publish","type":"page","link":"https:\/\/hederaerasmus.com\/ca\/politica-privacitat\/","title":{"rendered":"Pol\u00edtica Privacitat"},"content":{"rendered":"<div class=\"wpb-content-wrapper\"><p>[vc_row][vc_column][vc_column_text]<\/p>\n<h1>Pol\u00edtica de Privacitat<\/h1>\n<p>S&#8217;informa els usuaris de la p\u00e0gina web, en compliment de la legislaci\u00f3 vigent en mat\u00e8ria de protecci\u00f3 de dades de car\u00e0cter personal i de la Llei de Serveis de la Informaci\u00f3 i Comer\u00e7 Electr\u00f2nic, sobre la pol\u00edtica de privacitat i protecci\u00f3 de dades de car\u00e0cter personal amb la finalitat que aquests decideixen de manera expressa, lliure i volunt\u00e0ria si desitgen facilitar a EDUVIC SCCL les dades personals sol\u00b7licitades en la p\u00e0gina web.<\/p>\n<p>A EDUVIC hem adoptat els nivells de seguretat de protecci\u00f3 de les dades personals exigides en la legislaci\u00f3 vigent de protecci\u00f3 de dades, instal\u00b7lant les mesures t\u00e8cniques i organitzatives necess\u00e0ries per a evitar la p\u00e8rdua, mal \u00fas, alteraci\u00f3, acc\u00e9s no autoritzat i altres riscos possibles. Aix\u00ed mateix, EDUVIC s&#8217;obliga a complir l&#8217;obligaci\u00f3 de secret respecte a les dades personals que tracta, establerta en la legislaci\u00f3 de protecci\u00f3 de dades aplicable.<\/p>\n<p>Les dades facilitades per l&#8217;interessat a EDUVIC SCCL a trav\u00e9s dels diferents formularis en paper o web, hauran de ser dades ver\u00eddiques, exactes i actualitzats.<\/p>\n<p>Per a complir la legislaci\u00f3 vigent en mat\u00e8ria de protecci\u00f3 de dades personals posem a la disposici\u00f3 dels interessats que contacten via web o reben newsletters la seg\u00fcent informaci\u00f3:<\/p>\n<p><strong>Qui \u00e9s el responsable del tractament de les seves dades?<\/strong><\/p>\n<ul>\n<li>Ra\u00f3: EDUVIC SCCL<\/li>\n<li>Nom comercial: EDUVIC i ESCOLA ITINERE<\/li>\n<li>NIF: F60709896<\/li>\n<li>Adre\u00e7a: C\/ Castelao, 124 Local, de l&#8217;Hospitalet de Llobregat (08902)<\/li>\n<li>Tel\u00e8fon: 933320012<\/li>\n<li>Correu electr\u00f2nic EDUVIC: eduvic@eduvic.coop<\/li>\n<li>Correu electr\u00f2nic Escola Itinere: escolaitinere@eduvic.coop<\/li>\n<\/ul>\n<p><strong>Amb quina finalitat tractem les seves dades personals?<\/strong><\/p>\n<p>A EDUVIC SCCL tractem les seves dades de contacte amb les seg\u00fcents finalitats, en funci\u00f3 del motiu pel qual ens les hagi facilitat:<\/p>\n<ol>\n<li>Gestionar dades facilitades directament pel mateix interessat, per a informar mitjan\u00e7ant newsletters dels nostres serveis i activitats incloent, quan correspongui, les activitats associades amb l&#8217;Escola Itinere.<\/li>\n<li>Donar resposta a la sol\u00b7licitud, petici\u00f3 o consulta realitzada pel mateix interessat i fer un seguiment posterior.<\/li>\n<\/ol>\n<p><strong>Per quant temps conservarem les seves dades?<\/strong><\/p>\n<ul>\n<li>Les dades per a l&#8217;enviament de Newsletters seran conservats indefinidament fins que, si \u00e9s el cas, ens manifestin la seva voluntat de suprimir-los (opci\u00f3 inclosa en cadascuna de les newsletters).<\/li>\n<li>Les dades associades a una sol\u00b7licitud, petici\u00f3 o consulta es conservaran mentre la mateixa no estigui totalment completa. Una vegada totalment resolta la sol\u00b7licitud, es conservaran les dades per un m\u00e0xim de dos anys.<\/li>\n<\/ul>\n<p><strong>Quina \u00e9s la legitimaci\u00f3 per al tractament de les seves dades?<\/strong><\/p>\n<ul>\n<li>La base de l&#8217;enviament de newsletters a persones dels nostres grups d&#8217;inter\u00e8s es basa en la satisfacci\u00f3 de l&#8217;inter\u00e8s leg\u00edtim empresarial consistent a poder oferir a aquests grups d&#8217;inter\u00e8s informaci\u00f3 sobre l&#8217;activitat de l&#8217;organitzaci\u00f3. A m\u00e9s, per a noves persones de contacte, des de maig de 2018 es basa en el consentiment expr\u00e9s que se sol\u00b7licita, i pot ser revocat en qualsevol moment. La retirada d&#8217;aquest consentiment no afectar\u00e0 en cap cas a l&#8217;execuci\u00f3 de cap contracte, per\u00f2 els tractaments de dades amb aquesta finalitat efectuades amb anterioritat no perdran la seva licitud pel fet que el consentiment s&#8217;hagi revocat.<\/li>\n<li>La base per a la resposta a sol\u00b7licituds \u00e9s l&#8217;inter\u00e8s leg\u00edtim empresarial d&#8217;oferir suport a les persones dels seus grups d&#8217;inter\u00e8s.<\/li>\n<\/ul>\n<p><strong>A quins destinataris es comunicaran les seves dades?<\/strong><\/p>\n<p>No se cediran dades a tercers.<\/p>\n<p><strong>Transfer\u00e8ncies de dades a tercers pa\u00efsos?<\/strong><\/p>\n<p>Les dades per a l&#8217;enviament de Newsletters es gestionen mitjan\u00e7ant MailChimp. MailChimp es va autocertificar per l&#8217;EU-Un.S. Privacy Shield i el Swiss-Un.S. Privacy ShieldRegimen i transfereix legalment dades personals d&#8217;UE \/ EEE als EUA de conformitat amb el certificat d&#8217;escut de privacitat.<\/p>\n<p>No es realitzen altres transfer\u00e8ncies de dades a tercers pa\u00efsos per a les sol\u00b7licituds.<\/p>\n<p><strong>Quins s\u00f3n els seus drets quan ens facilita les seves dades?<\/strong><\/p>\n<p>Qualsevol persona t\u00e9 dret a obtenir confirmaci\u00f3 sobre si a EDUVIC SCCL estem tractant dades personals que els concerneixin, o no.<br \/>\nLes persones interessades tenen dret a accedir a les seves dades personals, aix\u00ed com a sol\u00b7licitar la rectificaci\u00f3 de les dades inexactes o, si \u00e9s el cas, sol\u00b7licitar la seva supressi\u00f3 quan, entre altres motius, les dades ja no siguin necessaris per als fins per als quals van ser recollides.<br \/>\nEn determinades circumst\u00e0ncies, els interessats podran sol\u00b7licitar la limitaci\u00f3 del tractament de les seves dades o la seva portabilitat, en aquest cas \u00fanicament les conservarem per a l&#8217;exercici o la defensa de reclamacions.<\/p>\n<p><strong>Vost\u00e8 podr\u00e0 exercir materialment els seus drets de la manera seg\u00fcent:<\/strong><\/p>\n<p>\u2013 Per correu electr\u00f2nic adjuntant c\u00f2pia del seu DNI a: eduvic@eduvic.coop.<\/p>\n<p>\u2013 En l&#8217;adre\u00e7a de correu electr\u00f2nic indicada li oferirem els formularis corresponents per a exercir materialment aquests drets.<\/p>\n<ul>\n<li>Si ha atorgat el seu consentiment per a alguna finalitat concreta, t\u00e9 dret a retirar el consentiment atorgat en qualsevol moment, sense que aix\u00f2 afecti la licitud del tractament basat en el seu consentiment previ a la seva retirada.<\/li>\n<li>En el cas que consideri vulnerats els seus drets quant a la protecci\u00f3 de les seves dades personals, especialment quan no hagi obtingut satisfacci\u00f3 en l&#8217;exercici dels seus drets, pot presentar una reclamaci\u00f3 davant l&#8217;Autoritat de Control en mat\u00e8ria de protecci\u00f3 de dades competent a trav\u00e9s del seu lloc web: www.agpd.es.<\/li>\n<\/ul>\n<p><strong>Com hem aconseguit les seves dades?<\/strong><\/p>\n<ul>\n<li>Les dades personals que tractem a EDUVIC SCCL procedeixen dels mateixos interessats o el seu representant legal, via web o mitjan\u00e7ant formulari web o formulari en suport paper.<\/li>\n<li>Li recordem que no s&#8217;han de facilitar dades de tercers tret que es tingui autoritzaci\u00f3 d&#8217;aquests i se&#8217;ls hagi informat pr\u00e8viament.<\/li>\n<li>No es tracten categories especials de dades personals (s\u00f3n aquelles dades que revelen l&#8217;origen \u00e8tnic o racial, les opinions pol\u00edtiques, les conviccions religioses o filos\u00f2fiques, o l&#8217;afiliaci\u00f3 sindical, dades gen\u00e8tiques, dades biom\u00e8triques dirigides a identificar de manera un\u00edvoca a una persona f\u00edsica, dades relatives a la salut o dades relatives a la vida sexual o qu\u00e8 \u00e9s l&#8217;orientaci\u00f3 sexual d&#8217;una persona f\u00edsica).<\/li>\n<\/ul>\n<p>EDUVIC Tots els drets reservats.[\/vc_column_text][\/vc_column][\/vc_row]<\/p>\n<\/div>","protected":false},"excerpt":{"rendered":"<p>[vc_row][vc_column][vc_column_text] Pol\u00edtica de Privacitat S&#8217;informa els usuaris de la p\u00e0gina web, en compliment de la legislaci\u00f3 vigent en mat\u00e8ria de protecci\u00f3 de dades de car\u00e0cter personal i de la Llei &#8230; <a title=\"Pol\u00edtica Privacitat\" class=\"read-more\" href=\"https:\/\/hederaerasmus.com\/ca\/politica-privacitat\/\" aria-label=\"M\u00e9s informaci\u00f3 sobre Pol\u00edtica Privacitat\">+<\/a><\/p>\n","protected":false},"author":4,"featured_media":0,"parent":0,"menu_order":0,"comment_status":"closed","ping_status":"closed","template":"","meta":{"_acf_changed":false,"footnotes":""},"class_list":["post-1071","page","type-page","status-publish"],"acf":[],"yoast_head":"<!-- This site is optimized with the Yoast SEO plugin v27.1.1 - https:\/\/yoast.com\/product\/yoast-seo-wordpress\/ -->\n<title>Pol\u00edtica Privacitat - Hedera<\/title>\n<meta name=\"robots\" content=\"noindex, nofollow\" \/>\n<meta property=\"og:locale\" content=\"ca_ES\" \/>\n<meta property=\"og:type\" content=\"article\" \/>\n<meta property=\"og:title\" content=\"Pol\u00edtica Privacitat - Hedera\" \/>\n<meta property=\"og:description\" content=\"[vc_row][vc_column][vc_column_text] Pol\u00edtica de Privacitat S&#8217;informa els usuaris de la p\u00e0gina web, en compliment de la legislaci\u00f3 vigent en mat\u00e8ria de protecci\u00f3 de dades de car\u00e0cter personal i de la Llei ... +\" \/>\n<meta property=\"og:url\" content=\"https:\/\/hederaerasmus.com\/ca\/politica-privacitat\/\" \/>\n<meta property=\"og:site_name\" content=\"Hedera\" \/>\n<meta property=\"article:publisher\" content=\"https:\/\/www.facebook.com\/profile.php?id=61554260382997\" \/>\n<meta property=\"article:modified_time\" content=\"2025-03-24T14:58:34+00:00\" \/>\n<meta name=\"twitter:card\" content=\"summary_large_image\" \/>\n<meta name=\"twitter:label1\" content=\"Temps estimat de lectura\" \/>\n\t<meta name=\"twitter:data1\" content=\"5 minuts\" \/>\n<script type=\"application\/ld+json\" class=\"yoast-schema-graph\">{\"@context\":\"https:\/\/schema.org\",\"@graph\":[{\"@type\":\"WebPage\",\"@id\":\"https:\/\/hederaerasmus.com\/ca\/politica-privacitat\/\",\"url\":\"https:\/\/hederaerasmus.com\/ca\/politica-privacitat\/\",\"name\":\"Pol\u00edtica Privacitat - Hedera\",\"isPartOf\":{\"@id\":\"https:\/\/hederaerasmus.com\/ca\/#website\"},\"datePublished\":\"2023-06-12T13:17:51+00:00\",\"dateModified\":\"2025-03-24T14:58:34+00:00\",\"breadcrumb\":{\"@id\":\"https:\/\/hederaerasmus.com\/ca\/politica-privacitat\/#breadcrumb\"},\"inLanguage\":\"ca\",\"potentialAction\":[{\"@type\":\"ReadAction\",\"target\":[\"https:\/\/hederaerasmus.com\/ca\/politica-privacitat\/\"]}]},{\"@type\":\"BreadcrumbList\",\"@id\":\"https:\/\/hederaerasmus.com\/ca\/politica-privacitat\/#breadcrumb\",\"itemListElement\":[{\"@type\":\"ListItem\",\"position\":1,\"name\":\"Portada\",\"item\":\"https:\/\/hederaerasmus.com\/ca\/\"},{\"@type\":\"ListItem\",\"position\":2,\"name\":\"Pol\u00edtica Privacitat\"}]},{\"@type\":\"WebSite\",\"@id\":\"https:\/\/hederaerasmus.com\/ca\/#website\",\"url\":\"https:\/\/hederaerasmus.com\/ca\/\",\"name\":\"Hedera\",\"description\":\"\",\"publisher\":{\"@id\":\"https:\/\/hederaerasmus.com\/ca\/#organization\"},\"potentialAction\":[{\"@type\":\"SearchAction\",\"target\":{\"@type\":\"EntryPoint\",\"urlTemplate\":\"https:\/\/hederaerasmus.com\/ca\/?s={search_term_string}\"},\"query-input\":{\"@type\":\"PropertyValueSpecification\",\"valueRequired\":true,\"valueName\":\"search_term_string\"}}],\"inLanguage\":\"ca\"},{\"@type\":\"Organization\",\"@id\":\"https:\/\/hederaerasmus.com\/ca\/#organization\",\"name\":\"Hedera\",\"url\":\"https:\/\/hederaerasmus.com\/ca\/\",\"logo\":{\"@type\":\"ImageObject\",\"inLanguage\":\"ca\",\"@id\":\"https:\/\/hederaerasmus.com\/ca\/#\/schema\/logo\/image\/\",\"url\":\"https:\/\/hederaerasmus.com\/wp-content\/uploads\/2023\/06\/Logo.png\",\"contentUrl\":\"https:\/\/hederaerasmus.com\/wp-content\/uploads\/2023\/06\/Logo.png\",\"width\":2649,\"height\":2137,\"caption\":\"Hedera\"},\"image\":{\"@id\":\"https:\/\/hederaerasmus.com\/ca\/#\/schema\/logo\/image\/\"},\"sameAs\":[\"https:\/\/www.facebook.com\/profile.php?id=61554260382997\",\"https:\/\/www.instagram.com\/hedera.erasmus\"]}]}<\/script>\n<!-- \/ Yoast SEO plugin. -->","yoast_head_json":{"title":"Pol\u00edtica Privacitat - Hedera","robots":{"index":"noindex","follow":"nofollow"},"og_locale":"ca_ES","og_type":"article","og_title":"Pol\u00edtica Privacitat - Hedera","og_description":"[vc_row][vc_column][vc_column_text] Pol\u00edtica de Privacitat S&#8217;informa els usuaris de la p\u00e0gina web, en compliment de la legislaci\u00f3 vigent en mat\u00e8ria de protecci\u00f3 de dades de car\u00e0cter personal i de la Llei ... +","og_url":"https:\/\/hederaerasmus.com\/ca\/politica-privacitat\/","og_site_name":"Hedera","article_publisher":"https:\/\/www.facebook.com\/profile.php?id=61554260382997","article_modified_time":"2025-03-24T14:58:34+00:00","twitter_card":"summary_large_image","twitter_misc":{"Temps estimat de lectura":"5 minuts"},"schema":{"@context":"https:\/\/schema.org","@graph":[{"@type":"WebPage","@id":"https:\/\/hederaerasmus.com\/ca\/politica-privacitat\/","url":"https:\/\/hederaerasmus.com\/ca\/politica-privacitat\/","name":"Pol\u00edtica Privacitat - Hedera","isPartOf":{"@id":"https:\/\/hederaerasmus.com\/ca\/#website"},"datePublished":"2023-06-12T13:17:51+00:00","dateModified":"2025-03-24T14:58:34+00:00","breadcrumb":{"@id":"https:\/\/hederaerasmus.com\/ca\/politica-privacitat\/#breadcrumb"},"inLanguage":"ca","potentialAction":[{"@type":"ReadAction","target":["https:\/\/hederaerasmus.com\/ca\/politica-privacitat\/"]}]},{"@type":"BreadcrumbList","@id":"https:\/\/hederaerasmus.com\/ca\/politica-privacitat\/#breadcrumb","itemListElement":[{"@type":"ListItem","position":1,"name":"Portada","item":"https:\/\/hederaerasmus.com\/ca\/"},{"@type":"ListItem","position":2,"name":"Pol\u00edtica Privacitat"}]},{"@type":"WebSite","@id":"https:\/\/hederaerasmus.com\/ca\/#website","url":"https:\/\/hederaerasmus.com\/ca\/","name":"Hedera","description":"","publisher":{"@id":"https:\/\/hederaerasmus.com\/ca\/#organization"},"potentialAction":[{"@type":"SearchAction","target":{"@type":"EntryPoint","urlTemplate":"https:\/\/hederaerasmus.com\/ca\/?s={search_term_string}"},"query-input":{"@type":"PropertyValueSpecification","valueRequired":true,"valueName":"search_term_string"}}],"inLanguage":"ca"},{"@type":"Organization","@id":"https:\/\/hederaerasmus.com\/ca\/#organization","name":"Hedera","url":"https:\/\/hederaerasmus.com\/ca\/","logo":{"@type":"ImageObject","inLanguage":"ca","@id":"https:\/\/hederaerasmus.com\/ca\/#\/schema\/logo\/image\/","url":"https:\/\/hederaerasmus.com\/wp-content\/uploads\/2023\/06\/Logo.png","contentUrl":"https:\/\/hederaerasmus.com\/wp-content\/uploads\/2023\/06\/Logo.png","width":2649,"height":2137,"caption":"Hedera"},"image":{"@id":"https:\/\/hederaerasmus.com\/ca\/#\/schema\/logo\/image\/"},"sameAs":["https:\/\/www.facebook.com\/profile.php?id=61554260382997","https:\/\/www.instagram.com\/hedera.erasmus"]}]}},"_links":{"self":[{"href":"https:\/\/hederaerasmus.com\/ca\/wp-json\/wp\/v2\/pages\/1071","targetHints":{"allow":["GET"]}}],"collection":[{"href":"https:\/\/hederaerasmus.com\/ca\/wp-json\/wp\/v2\/pages"}],"about":[{"href":"https:\/\/hederaerasmus.com\/ca\/wp-json\/wp\/v2\/types\/page"}],"author":[{"embeddable":true,"href":"https:\/\/hederaerasmus.com\/ca\/wp-json\/wp\/v2\/users\/4"}],"replies":[{"embeddable":true,"href":"https:\/\/hederaerasmus.com\/ca\/wp-json\/wp\/v2\/comments?post=1071"}],"version-history":[{"count":4,"href":"https:\/\/hederaerasmus.com\/ca\/wp-json\/wp\/v2\/pages\/1071\/revisions"}],"predecessor-version":[{"id":1254,"href":"https:\/\/hederaerasmus.com\/ca\/wp-json\/wp\/v2\/pages\/1071\/revisions\/1254"}],"wp:attachment":[{"href":"https:\/\/hederaerasmus.com\/ca\/wp-json\/wp\/v2\/media?parent=1071"}],"curies":[{"name":"wp","href":"https:\/\/api.w.org\/{rel}","templated":true}]}}