{"id":1051,"date":"2023-06-12T14:17:31","date_gmt":"2023-06-12T13:17:31","guid":{"rendered":"https:\/\/hederaerasmus.com\/aviso-legal\/"},"modified":"2024-03-05T16:32:44","modified_gmt":"2024-03-05T15:32:44","slug":"avis-legal","status":"publish","type":"page","link":"https:\/\/hederaerasmus.com\/ca\/avis-legal\/","title":{"rendered":"Av\u00eds Legal"},"content":{"rendered":"<div class=\"wpb-content-wrapper\"><p>[vc_row][vc_column][vc_column_text]<\/p>\n<h1>Av\u00eds Legal<\/h1>\n<h5><span style=\"color: var(--accent);\"><strong>Dades d&#8217;identificaci\u00f3<\/strong><\/span><\/h5>\n<p>EDUVIC SCCL \u00e9s una empresa inscrita en el Registre de Cooperatives, amb el num. 6633. El seu domicili C \/ Castelao, 124 Local, de l&#8217;Hospitalet de Llobregat (08902), i NIF .: F60709896.<\/p>\n<p>Correu electr\u00f2nic EDUVIC: eduvic@eduvic.coop<\/p>\n<p>Correu electr\u00f2nic Escola Itinere: escolaitinere@eduvic.coop<\/p>\n<h5><span style=\"color: var(--accent);\"><strong>Vig\u00e8ncia de la informaci\u00f3<\/strong><\/span><\/h5>\n<p>L&#8217;acc\u00e9s al portal de EDUVIC i aix\u00ed mateix la informaci\u00f3 relativa a qualsevol dels productes i serveis que aquesta cont\u00e9 comporta l&#8217;acceptaci\u00f3 de les condicions contemplades en el present av\u00eds legal. D&#8217;igual forma la informaci\u00f3 continguda en aquestes p\u00e0gines \u00e9s la vigent en l&#8217;actualitat despr\u00e9s de l&#8217;\u00faltima actualitzaci\u00f3 realitzada. No obstant aix\u00f2, la informaci\u00f3 relativa a productes i serveis oferts en aquesta p\u00e0gina web \u00e9s exclusivament orientativa i de cap manera vinculant.<\/p>\n<h5><span style=\"color: var(--accent);\"><strong>Propietat intel\u00b7lectual o industrial<\/strong><\/span><\/h5>\n<p>El contingut de la present p\u00e0gina web est\u00e0 protegit per la Llei de Propietat Industrial o Intel\u00b7lectual. Per tant, els continguts, codis font, forma, disseny, p\u00e0gines, marques, noms comercials, logotips aix\u00ed com denominaci\u00f3 de productes, aplicatius i eines s\u00f3n propietat de EDUVIC i la seva distribuci\u00f3, modificaci\u00f3, transmissi\u00f3, c\u00f2pia o qualsevol utilitzaci\u00f3 dels mateixos ha de ser autoritzada expressament per EDUVIC. Ha d&#8217;advertir-se que la infracci\u00f3 de les normes protectores de la propietat industrial o intel\u00b7lectual comporta, si \u00e9s el cas, a m\u00e9s de les possibles responsabilitats econ\u00f2miques l&#8217;exig\u00e8ncia de responsabilitats penals.<\/p>\n<h5><span style=\"color: var(--accent);\"><strong>Responsabilitats<\/strong><\/span><\/h5>\n<p>La informaci\u00f3 continguda en aquestes p\u00e0gines web \u00e9s la vigent en la data de la seva \u00faltima actualitzaci\u00f3 i no representa cap obligaci\u00f3 contractual per a EDUVIC, sin\u00f3 que s&#8217;exposa amb finalitat informativa i no constitueix una oferta de compra o venda de cap mena de producte o servei. Es pot confirmar la data d&#8217;actualitzaci\u00f3 de qualsevol informaci\u00f3 mitjan\u00e7ant el formulari que apareix fent un \u00abclic\u00bb en la p\u00e0gina principal de la web.<\/p>\n<p>EDUVIC rebutja qualsevol responsabilitat que es derivi de la mala utilitzaci\u00f3 dels continguts de les seves p\u00e0gines web i es reserva el dret a actualitzar-los, eliminar-los, limitar-los o impedir l&#8217;acc\u00e9s, de manera temporal o definitiva sense necessitat de previ av\u00eds. Tampoc es fa responsable sobre qualsevol informaci\u00f3 no elaborada directament per l&#8217;empresa i rebutja, de manera especial, qualsevol responsabilitat sobre la informaci\u00f3 continguda en les p\u00e0gines web a les quals es t\u00e9 acc\u00e9s mitjan\u00e7ant enlla\u00e7os (enlla\u00e7os).<\/p>\n<p>Aix\u00ed mateix, EDUVIC no es fa responsable dels possibles errors de seguretat que es puguin produir per l&#8217;\u00fas d&#8217;ordinadors infectats amb virus inform\u00e0tics, ni de les conseq\u00fc\u00e8ncies derivades del mal funcionament del navegador (<em>browser<\/em>) o per l&#8217;\u00fas de versions no actualitzades.<\/p>\n<p>EDUVIC: Tots els drets reservats.[\/vc_column_text][\/vc_column][\/vc_row]<\/p>\n<\/div>","protected":false},"excerpt":{"rendered":"<p>[vc_row][vc_column][vc_column_text] Av\u00eds Legal Dades d&#8217;identificaci\u00f3 EDUVIC SCCL \u00e9s una empresa inscrita en el Registre de Cooperatives, amb el num. 6633. El seu domicili C \/ Castelao, 124 Local, de l&#8217;Hospitalet &#8230; <a title=\"Av\u00eds Legal\" class=\"read-more\" href=\"https:\/\/hederaerasmus.com\/ca\/avis-legal\/\" aria-label=\"M\u00e9s informaci\u00f3 sobre Av\u00eds Legal\">+<\/a><\/p>\n","protected":false},"author":4,"featured_media":0,"parent":0,"menu_order":0,"comment_status":"closed","ping_status":"closed","template":"","meta":{"_acf_changed":false,"footnotes":""},"class_list":["post-1051","page","type-page","status-publish"],"acf":[],"yoast_head":"<!-- This site is optimized with the Yoast SEO plugin v27.1.1 - https:\/\/yoast.com\/product\/yoast-seo-wordpress\/ -->\n<title>Av\u00eds Legal - Hedera<\/title>\n<meta name=\"robots\" content=\"noindex, nofollow\" \/>\n<meta property=\"og:locale\" content=\"ca_ES\" \/>\n<meta property=\"og:type\" content=\"article\" \/>\n<meta property=\"og:title\" content=\"Av\u00eds Legal - Hedera\" \/>\n<meta property=\"og:description\" content=\"[vc_row][vc_column][vc_column_text] Av\u00eds Legal Dades d&#8217;identificaci\u00f3 EDUVIC SCCL \u00e9s una empresa inscrita en el Registre de Cooperatives, amb el num. 6633. El seu domicili C \/ Castelao, 124 Local, de l&#8217;Hospitalet ... +\" \/>\n<meta property=\"og:url\" content=\"https:\/\/hederaerasmus.com\/ca\/avis-legal\/\" \/>\n<meta property=\"og:site_name\" content=\"Hedera\" \/>\n<meta property=\"article:publisher\" content=\"https:\/\/www.facebook.com\/profile.php?id=61554260382997\" \/>\n<meta property=\"article:modified_time\" content=\"2024-03-05T15:32:44+00:00\" \/>\n<meta name=\"twitter:card\" content=\"summary_large_image\" \/>\n<meta name=\"twitter:label1\" content=\"Temps estimat de lectura\" \/>\n\t<meta name=\"twitter:data1\" content=\"2 minuts\" \/>\n<script type=\"application\/ld+json\" class=\"yoast-schema-graph\">{\"@context\":\"https:\/\/schema.org\",\"@graph\":[{\"@type\":\"WebPage\",\"@id\":\"https:\/\/hederaerasmus.com\/ca\/avis-legal\/\",\"url\":\"https:\/\/hederaerasmus.com\/ca\/avis-legal\/\",\"name\":\"Av\u00eds Legal - Hedera\",\"isPartOf\":{\"@id\":\"https:\/\/hederaerasmus.com\/ca\/#website\"},\"datePublished\":\"2023-06-12T13:17:31+00:00\",\"dateModified\":\"2024-03-05T15:32:44+00:00\",\"breadcrumb\":{\"@id\":\"https:\/\/hederaerasmus.com\/ca\/avis-legal\/#breadcrumb\"},\"inLanguage\":\"ca\",\"potentialAction\":[{\"@type\":\"ReadAction\",\"target\":[\"https:\/\/hederaerasmus.com\/ca\/avis-legal\/\"]}]},{\"@type\":\"BreadcrumbList\",\"@id\":\"https:\/\/hederaerasmus.com\/ca\/avis-legal\/#breadcrumb\",\"itemListElement\":[{\"@type\":\"ListItem\",\"position\":1,\"name\":\"Portada\",\"item\":\"https:\/\/hederaerasmus.com\/ca\/\"},{\"@type\":\"ListItem\",\"position\":2,\"name\":\"Av\u00eds Legal\"}]},{\"@type\":\"WebSite\",\"@id\":\"https:\/\/hederaerasmus.com\/ca\/#website\",\"url\":\"https:\/\/hederaerasmus.com\/ca\/\",\"name\":\"Hedera\",\"description\":\"\",\"publisher\":{\"@id\":\"https:\/\/hederaerasmus.com\/ca\/#organization\"},\"potentialAction\":[{\"@type\":\"SearchAction\",\"target\":{\"@type\":\"EntryPoint\",\"urlTemplate\":\"https:\/\/hederaerasmus.com\/ca\/?s={search_term_string}\"},\"query-input\":{\"@type\":\"PropertyValueSpecification\",\"valueRequired\":true,\"valueName\":\"search_term_string\"}}],\"inLanguage\":\"ca\"},{\"@type\":\"Organization\",\"@id\":\"https:\/\/hederaerasmus.com\/ca\/#organization\",\"name\":\"Hedera\",\"url\":\"https:\/\/hederaerasmus.com\/ca\/\",\"logo\":{\"@type\":\"ImageObject\",\"inLanguage\":\"ca\",\"@id\":\"https:\/\/hederaerasmus.com\/ca\/#\/schema\/logo\/image\/\",\"url\":\"https:\/\/hederaerasmus.com\/wp-content\/uploads\/2023\/06\/Logo.png\",\"contentUrl\":\"https:\/\/hederaerasmus.com\/wp-content\/uploads\/2023\/06\/Logo.png\",\"width\":2649,\"height\":2137,\"caption\":\"Hedera\"},\"image\":{\"@id\":\"https:\/\/hederaerasmus.com\/ca\/#\/schema\/logo\/image\/\"},\"sameAs\":[\"https:\/\/www.facebook.com\/profile.php?id=61554260382997\",\"https:\/\/www.instagram.com\/hedera.erasmus\"]}]}<\/script>\n<!-- \/ Yoast SEO plugin. -->","yoast_head_json":{"title":"Av\u00eds Legal - Hedera","robots":{"index":"noindex","follow":"nofollow"},"og_locale":"ca_ES","og_type":"article","og_title":"Av\u00eds Legal - Hedera","og_description":"[vc_row][vc_column][vc_column_text] Av\u00eds Legal Dades d&#8217;identificaci\u00f3 EDUVIC SCCL \u00e9s una empresa inscrita en el Registre de Cooperatives, amb el num. 6633. El seu domicili C \/ Castelao, 124 Local, de l&#8217;Hospitalet ... +","og_url":"https:\/\/hederaerasmus.com\/ca\/avis-legal\/","og_site_name":"Hedera","article_publisher":"https:\/\/www.facebook.com\/profile.php?id=61554260382997","article_modified_time":"2024-03-05T15:32:44+00:00","twitter_card":"summary_large_image","twitter_misc":{"Temps estimat de lectura":"2 minuts"},"schema":{"@context":"https:\/\/schema.org","@graph":[{"@type":"WebPage","@id":"https:\/\/hederaerasmus.com\/ca\/avis-legal\/","url":"https:\/\/hederaerasmus.com\/ca\/avis-legal\/","name":"Av\u00eds Legal - Hedera","isPartOf":{"@id":"https:\/\/hederaerasmus.com\/ca\/#website"},"datePublished":"2023-06-12T13:17:31+00:00","dateModified":"2024-03-05T15:32:44+00:00","breadcrumb":{"@id":"https:\/\/hederaerasmus.com\/ca\/avis-legal\/#breadcrumb"},"inLanguage":"ca","potentialAction":[{"@type":"ReadAction","target":["https:\/\/hederaerasmus.com\/ca\/avis-legal\/"]}]},{"@type":"BreadcrumbList","@id":"https:\/\/hederaerasmus.com\/ca\/avis-legal\/#breadcrumb","itemListElement":[{"@type":"ListItem","position":1,"name":"Portada","item":"https:\/\/hederaerasmus.com\/ca\/"},{"@type":"ListItem","position":2,"name":"Av\u00eds Legal"}]},{"@type":"WebSite","@id":"https:\/\/hederaerasmus.com\/ca\/#website","url":"https:\/\/hederaerasmus.com\/ca\/","name":"Hedera","description":"","publisher":{"@id":"https:\/\/hederaerasmus.com\/ca\/#organization"},"potentialAction":[{"@type":"SearchAction","target":{"@type":"EntryPoint","urlTemplate":"https:\/\/hederaerasmus.com\/ca\/?s={search_term_string}"},"query-input":{"@type":"PropertyValueSpecification","valueRequired":true,"valueName":"search_term_string"}}],"inLanguage":"ca"},{"@type":"Organization","@id":"https:\/\/hederaerasmus.com\/ca\/#organization","name":"Hedera","url":"https:\/\/hederaerasmus.com\/ca\/","logo":{"@type":"ImageObject","inLanguage":"ca","@id":"https:\/\/hederaerasmus.com\/ca\/#\/schema\/logo\/image\/","url":"https:\/\/hederaerasmus.com\/wp-content\/uploads\/2023\/06\/Logo.png","contentUrl":"https:\/\/hederaerasmus.com\/wp-content\/uploads\/2023\/06\/Logo.png","width":2649,"height":2137,"caption":"Hedera"},"image":{"@id":"https:\/\/hederaerasmus.com\/ca\/#\/schema\/logo\/image\/"},"sameAs":["https:\/\/www.facebook.com\/profile.php?id=61554260382997","https:\/\/www.instagram.com\/hedera.erasmus"]}]}},"_links":{"self":[{"href":"https:\/\/hederaerasmus.com\/ca\/wp-json\/wp\/v2\/pages\/1051","targetHints":{"allow":["GET"]}}],"collection":[{"href":"https:\/\/hederaerasmus.com\/ca\/wp-json\/wp\/v2\/pages"}],"about":[{"href":"https:\/\/hederaerasmus.com\/ca\/wp-json\/wp\/v2\/types\/page"}],"author":[{"embeddable":true,"href":"https:\/\/hederaerasmus.com\/ca\/wp-json\/wp\/v2\/users\/4"}],"replies":[{"embeddable":true,"href":"https:\/\/hederaerasmus.com\/ca\/wp-json\/wp\/v2\/comments?post=1051"}],"version-history":[{"count":6,"href":"https:\/\/hederaerasmus.com\/ca\/wp-json\/wp\/v2\/pages\/1051\/revisions"}],"predecessor-version":[{"id":1069,"href":"https:\/\/hederaerasmus.com\/ca\/wp-json\/wp\/v2\/pages\/1051\/revisions\/1069"}],"wp:attachment":[{"href":"https:\/\/hederaerasmus.com\/ca\/wp-json\/wp\/v2\/media?parent=1051"}],"curies":[{"name":"wp","href":"https:\/\/api.w.org\/{rel}","templated":true}]}}